{"id":1538,"date":"2021-11-03T12:15:20","date_gmt":"2021-11-03T09:15:20","guid":{"rendered":"https:\/\/kapweine.ch\/?page_id=1538"},"modified":"2021-12-09T11:42:29","modified_gmt":"2021-12-09T08:42:29","slug":"uebersicht-links","status":"publish","type":"page","link":"https:\/\/kapweine.ch\/en\/uebersicht-links\/","title":{"rendered":"\u00dcbersicht Links"},"content":{"rendered":"\n[et_pb_section fb_built=&#8221;1&#8243; _builder_version=&#8221;4.10.7&#8243; _module_preset=&#8221;default&#8221; global_colors_info=&#8221;{}&#8221;][et_pb_row column_structure=&#8221;1_3,1_3,1_3&#8243; _builder_version=&#8221;4.10.7&#8243; _module_preset=&#8221;default&#8221; global_colors_info=&#8221;{}&#8221;][et_pb_column type=&#8221;1_3&#8243; _builder_version=&#8221;4.10.7&#8243; _module_preset=&#8221;default&#8221; global_colors_info=&#8221;{}&#8221;][et_pb_text _builder_version=&#8221;4.10.7&#8243; _module_preset=&#8221;default&#8221; hover_enabled=&#8221;0&#8243; global_colors_info=&#8221;{}&#8221; sticky_enabled=&#8221;0&#8243;]<p><strong><span style=\"color: #000000;\"><a href=\"#kapweine\" style=\"color: #000000;\">KapWeine<\/a><\/span><\/strong><\/p>\n<ul>\n<li style=\"list-style-type: none;\">\n<ul>\n<li><strong><span style=\"color: #000000;\"><a href=\"#partner\" style=\"color: #000000;\">Partner<\/a><\/span><\/strong><\/li>\n<li><strong><span style=\"color: #000000;\"><a href=\"#empfehlungen\" style=\"color: #000000;\">Diverse Empfehlungen<\/a><\/span><\/strong><\/li>\n<li><strong><span style=\"color: #000000;\"><a href=\"https:\/\/kapweine.ch\/weingebiete\/\" style=\"color: #000000;\">Produzenten<\/a><\/span><\/strong><\/li>\n<\/ul>\n<\/li>\n<\/ul>[\/et_pb_text][\/et_pb_column][et_pb_column type=&#8221;1_3&#8243; _builder_version=&#8221;4.10.7&#8243; _module_preset=&#8221;default&#8221; global_colors_info=&#8221;{}&#8221;][et_pb_text _builder_version=&#8221;4.10.7&#8243; _module_preset=&#8221;default&#8221; global_colors_info=&#8221;{}&#8221;]<span style=\"color: #000000;\"><strong><a href=\"\/wein-essen#weinessen\" style=\"color: #000000;\">Wein &amp; Essen<\/a><\/strong><\/span>\n<ul>\n\t<li style=\"list-style-type: none;\">\n<ul>\n\t<li><span style=\"color: #000000;\"><strong><a href=\"\/wein-essen#wein\" style=\"color: #000000;\">Wein<\/a><\/strong><\/span><\/li>\n\t<li><span style=\"color: #000000;\"><strong><a href=\"\/wein-essen#restaurantsSA\" style=\"color: #000000;\">Restaurants in S\u00fcdafrika<\/a><\/strong><\/span><\/li>\n\t<li><span style=\"color: #000000;\"><strong><a href=\"\/wein-essen#essen\" style=\"color: #000000;\">Esswaren &amp; Getr\u00e4nke<\/a><\/strong><\/span><\/li>\n<\/ul>\n<\/li>\n<\/ul>[\/et_pb_text][\/et_pb_column][et_pb_column type=&#8221;1_3&#8243; _builder_version=&#8221;4.10.7&#8243; _module_preset=&#8221;default&#8221; global_colors_info=&#8221;{}&#8221;][et_pb_text _builder_version=&#8221;4.10.7&#8243; _module_preset=&#8221;default&#8221; global_colors_info=&#8221;{}&#8221;]<span style=\"color: #000000;\"><strong><a href=\"\/tourismus#tourismus\" style=\"color: #000000;\">Tourismus<\/a><\/strong><\/span>\n<ul>\n\t<li style=\"list-style-type: none;\">\n<ul>\n\t<li><span style=\"color: #000000;\"><strong><a href=\"\/tourismus#allgemein\" style=\"color: #000000;\">Allg. S\u00fcdafrika<\/a><\/strong><\/span><\/li>\n\t<li><span style=\"color: #000000;\"><strong><a href=\"\/tourismus#transport\" style=\"color: #000000;\">Transport<\/a><\/strong><\/span><\/li>\n\t<li><span style=\"color: #000000;\"><strong><a href=\"\/tourismus#reisen\" style=\"color: #000000;\">Reisen<\/a><\/strong><\/span><\/li>\n\t<li><span style=\"color: #000000;\"><strong><a href=\"\/tourismus#unterkunft\" style=\"color: #000000;\">Unterk\u00fcnfte\/\nAccommodation<\/a><\/strong><\/span><\/li>\n\t<li><span style=\"color: #000000;\"><strong><a href=\"\/tourismus#sport\" style=\"color: #000000;\">Wellness &amp; Sports<\/a><\/strong><\/span><\/li>\n\t<li><span style=\"color: #000000;\"><strong><a href=\"\/tourismus#literatur\" style=\"color: #000000;\">Literatur<\/a><\/strong><\/span><\/li>\n\t<li><span style=\"color: #000000;\"><strong><a href=\"\/tourismus#ausbildung\" style=\"color: #000000;\">Ausbildung<\/a><\/strong><\/span><\/li>\n<\/ul>\n<\/li>\n<\/ul>[\/et_pb_text][\/et_pb_column][\/et_pb_row][et_pb_row column_structure=&#8221;1_3,1_3,1_3&#8243; _builder_version=&#8221;4.10.7&#8243; _module_preset=&#8221;default&#8221; global_colors_info=&#8221;{}&#8221;][et_pb_column type=&#8221;1_3&#8243; _builder_version=&#8221;4.10.7&#8243; _module_preset=&#8221;default&#8221; global_colors_info=&#8221;{}&#8221;][et_pb_text _builder_version=&#8221;4.10.7&#8243; _module_preset=&#8221;default&#8221; global_colors_info=&#8221;{}&#8221;]<span style=\"color: #000000;\"><strong><a href=\"\/handel-kommerz#trade\" style=\"color: #000000;\">Handel &amp; Kommerz<\/a><\/strong><\/span>\n<ul>\n\t<li style=\"list-style-type: none;\">\n<ul>\n\t<li><span style=\"color: #000000;\"><strong><a href=\"\/handel-kommerz#kongress\" style=\"color: #000000;\">Kongresszentren &amp;\nMessehallen<\/a><\/strong><\/span><\/li>\n\t<li><span style=\"color: #000000;\"><strong><a href=\"\/handel-kommerz#industrie\" style=\"color: #000000;\">Industrie<\/a><\/strong><\/span><\/li>\n\t<li><span style=\"color: #000000;\"><strong><a href=\"\/handel-kommerz#landwirtschaft\" style=\"color: #000000;\">Landwirtschaft<\/a><\/strong><\/span><\/li>\n\t<li><span style=\"color: #000000;\"><strong><a href=\"\/handel-kommerz#immobilien\" style=\"color: #000000;\">Immobilien<\/a><\/strong><\/span><\/li>\n\t<li><span style=\"color: #000000;\"><strong><a href=\"\/handel-kommerz#markt\" style=\"color: #000000;\">M\u00e4rkte<\/a><\/strong><\/span><\/li>\n\t<li><span style=\"color: #000000;\"><strong><a href=\"\/handel-kommerz#finanz\" style=\"color: #000000;\">Finanz<\/a><\/strong><\/span><\/li>\n\t<li><span style=\"color: #000000;\"><strong><a href=\"\/handel-kommerz#politik\" style=\"color: #000000;\">Offizielle Seiten\/Politik<\/a><\/strong><\/span><\/li>\n\t<li><span style=\"color: #000000;\"><strong><a href=\"\/handel-kommerz#government\" style=\"color: #000000;\">Government<\/a><\/strong><\/span><\/li>\n\t<li><span style=\"color: #000000;\"><strong><a href=\"\/handel-kommerz#it\" style=\"color: #000000;\">IT<\/a><\/strong><\/span><\/li>\n<\/ul>\n<\/li>\n<\/ul>[\/et_pb_text][\/et_pb_column][et_pb_column type=&#8221;1_3&#8243; _builder_version=&#8221;4.10.7&#8243; _module_preset=&#8221;default&#8221; global_colors_info=&#8221;{}&#8221;][et_pb_text _builder_version=&#8221;4.10.7&#8243; _module_preset=&#8221;default&#8221; global_colors_info=&#8221;{}&#8221;]<span style=\"color: #000000;\"><strong><a href=\"\/wohltaetigkeit-soziales#charity\" style=\"color: #000000;\">Wohlt\u00e4tigkeit &amp; Soziales<\/a><\/strong><\/span>\n<ul>\n\t<li style=\"list-style-type: none;\">\n<ul>\n\t<li><span style=\"color: #000000;\"><strong><a href=\"\/wohltaetigkeit-soziales#hilfswerk\" style=\"color: #000000;\">Hilfswerke<\/a><\/strong><\/span><\/li>\n\t<li><span style=\"color: #000000;\"><strong><a href=\"\/wohltaetigkeit-soziales#mensch\" style=\"color: #000000;\">Projekte f\u00fcr Menschen<\/a><\/strong><\/span><\/li>\n\t<li><span style=\"color: #000000;\"><strong><a href=\"\/wohltaetigkeit-soziales#tier\" style=\"color: #000000;\">Projekte f\u00fcr Tiere<\/a><\/strong><\/span><\/li>\n\t<li><span style=\"color: #000000;\"><strong><a href=\"\/wohltaetigkeit-soziales#natur\" style=\"color: #000000;\">Projekte f\u00fcr Natur<\/a><\/strong><\/span><\/li>\n\t<li><span style=\"color: #000000;\"><strong><a href=\"\/wohltaetigkeit-soziales#anlass\" style=\"color: #000000;\">Anl\u00e4sse<\/a><\/strong><\/span><\/li>\n\t<li><span style=\"color: #000000;\"><strong><a href=\"\/wohltaetigkeit-soziales#township\" style=\"color: #000000;\">Township Tours<\/a><\/strong><\/span><\/li>\n<\/ul>\n<\/li>\n<\/ul>[\/et_pb_text][\/et_pb_column][et_pb_column type=&#8221;1_3&#8243; _builder_version=&#8221;4.10.7&#8243; _module_preset=&#8221;default&#8221; global_colors_info=&#8221;{}&#8221;][et_pb_text _builder_version=&#8221;4.10.7&#8243; _module_preset=&#8221;default&#8221; global_colors_info=&#8221;{}&#8221;]<span style=\"color: #000000;\"><strong><a href=\"\/lifestyle-kultur#lifestyle\" style=\"color: #000000;\">Lifestyle &amp; Kultur<\/a><\/strong><\/span>\n<ul>\n\t<li style=\"list-style-type: none;\">\n<ul>\n\t<li><span style=\"color: #000000;\"><strong><a href=\"\/lifestyle-kultur#theater\" style=\"color: #000000;\">Theater &amp; Kino<\/a><\/strong><\/span><\/li>\n\t<li><span style=\"color: #000000;\"><strong><a href=\"\/lifestyle-kultur#musik\" style=\"color: #000000;\">Musik &amp; Events<\/a><\/strong><\/span><\/li>\n\t<li><span style=\"color: #000000;\"><strong><a href=\"\/lifestyle-kultur#casino\" style=\"color: #000000;\">Casinos<\/a><\/strong><\/span><\/li>\n\t<li><span style=\"color: #000000;\"><strong><a href=\"\/lifestyle-kultur#juwelier\" style=\"color: #000000;\">Juweliers &amp; Shops<\/a><\/strong><\/span><\/li>\n\t<li><span style=\"color: #000000;\"><strong><a href=\"\/lifestyle-kultur#magazine\" style=\"color: #000000;\">Magazine<\/a><\/strong><\/span><\/li>\n\t<li><span style=\"color: #000000;\"><strong><a href=\"\/lifestyle-kultur#arzt\" style=\"color: #000000;\">Kosmetische Chirurgie &amp;\n\u00c4rzte<\/a><\/strong><\/span><\/li>\n\t<li><span style=\"color: #000000;\"><strong><a href=\"\/lifestyle-kultur#kunst\" style=\"color: #000000;\">Kunst und Gallerien<\/a><\/strong><\/span><\/li>\n\t<li><span style=\"color: #000000;\"><strong><a href=\"\/lifestyle-kultur#museum\" style=\"color: #000000;\">Museum &amp; Ausstellungen<\/a><\/strong><\/span><\/li>\n\t<li><span style=\"color: #000000;\"><strong><a href=\"\/lifestyle-kultur#architektur\" style=\"color: #000000;\">Architektur &amp;\nInnenausstattung<\/a><\/strong><\/span><\/li>\n<\/ul>\n<\/li>\n<\/ul>[\/et_pb_text][\/et_pb_column][\/et_pb_row][\/et_pb_section][et_pb_section fb_built=&#8221;1&#8243; _builder_version=&#8221;4.10.7&#8243; _module_preset=&#8221;default&#8221; global_colors_info=&#8221;{}&#8221;][et_pb_row _builder_version=&#8221;4.10.7&#8243; _module_preset=&#8221;default&#8221; global_colors_info=&#8221;{}&#8221;][et_pb_column type=&#8221;4_4&#8243; _builder_version=&#8221;4.10.7&#8243; _module_preset=&#8221;default&#8221; global_colors_info=&#8221;{}&#8221;][et_pb_text _builder_version=&#8221;4.10.7&#8243; _module_preset=&#8221;default&#8221; global_colors_info=&#8221;{}&#8221;]<h3 id=\"kapweine\"><b class=\"A1\">KapWeine<\/b><\/h3>[\/et_pb_text][\/et_pb_column][\/et_pb_row][et_pb_row column_structure=&#8221;1_3,1_3,1_3&#8243; _builder_version=&#8221;4.10.7&#8243; _module_preset=&#8221;default&#8221; global_colors_info=&#8221;{}&#8221;][et_pb_column type=&#8221;1_3&#8243; _builder_version=&#8221;4.10.7&#8243; _module_preset=&#8221;default&#8221; global_colors_info=&#8221;{}&#8221;][et_pb_text _builder_version=&#8221;4.10.7&#8243; _module_preset=&#8221;default&#8221; global_colors_info=&#8221;{}&#8221;]<h4 id=\"partner\"><span>Partner<\/span><\/h4>[\/et_pb_text][et_pb_text _builder_version=&#8221;4.10.7&#8243; _module_preset=&#8221;default&#8221; global_colors_info=&#8221;{}&#8221;]<p><strong><span style=\"color: #000000;\"><a href=\"http:\/\/www.esmdevelopment.ch\/\" target=\"_blank\" rel=\"noopener\" style=\"color: #000000;\">ESM Development<\/a><\/span><\/strong><br \/><strong><span style=\"color: #000000;\"><a href=\"http:\/\/www.augenarzt-willisau.ch\/\" target=\"_blank\" rel=\"noopener\" style=\"color: #000000;\">Augen\u00e4rztezentrum Chr\u00fczhof<\/a><\/span><\/strong><br \/><strong><span style=\"color: #000000;\"><a href=\"http:\/\/www.suedafrika.ch\/\" target=\"_blank\" rel=\"noopener\" style=\"color: #000000;\">Club der Freunde S\u00fcdafrika<\/a><\/span><\/strong><br \/><strong><span style=\"color: #000000;\"><a href=\"http:\/\/www.casadelvino.ch\/\" target=\"_blank\" rel=\"noopener\" style=\"color: #000000;\">Casa Del Vino<\/a><\/span><\/strong><\/p>[\/et_pb_text][\/et_pb_column][et_pb_column type=&#8221;1_3&#8243; _builder_version=&#8221;4.10.7&#8243; _module_preset=&#8221;default&#8221; global_colors_info=&#8221;{}&#8221;][et_pb_text _builder_version=&#8221;4.10.7&#8243; _module_preset=&#8221;default&#8221; global_colors_info=&#8221;{}&#8221;]<h4 id=\"empfehlungen\"><span>Diverse Empfehlungen<\/span><\/h4>[\/et_pb_text][et_pb_text _builder_version=&#8221;4.10.7&#8243; _module_preset=&#8221;default&#8221; global_colors_info=&#8221;{}&#8221;]<p><a href=\"http:\/\/www.capnetswiss.com\/\" target=\"_blank\" rel=\"noopener\"><span style=\"color: #000000;\"><strong>capnetswiss.com<\/strong><\/span><\/a><span>\u00a0Forum Schweiz &#8211; S\u00fcdafrika<\/span><br \/><span style=\"color: #000000;\"><strong><a href=\"http:\/\/www.gastrofacts.ch\/\" target=\"_blank\" rel=\"noopener\" style=\"color: #000000;\">gastrofacts.ch<\/a><\/strong><\/span><br \/><span style=\"color: #000000;\"><strong><a href=\"http:\/\/www.petandhomecare.ch\/\" target=\"_blank\" rel=\"noopener\" style=\"color: #000000;\">petandhomecare.ch<\/a><\/strong><\/span><\/p>[\/et_pb_text][\/et_pb_column][et_pb_column type=&#8221;1_3&#8243; _builder_version=&#8221;4.10.7&#8243; _module_preset=&#8221;default&#8221; global_colors_info=&#8221;{}&#8221;][et_pb_text _builder_version=&#8221;4.10.7&#8243; _module_preset=&#8221;default&#8221; global_colors_info=&#8221;{}&#8221;]<h4><span style=\"color: #000000;\"><a href=\"http:\/\/www.casadelvino.ch\/\" style=\"color: #000000;\">Casa Del Vino<\/a><\/span><\/h4>[\/et_pb_text][et_pb_image src=&#8221;https:\/\/kapweine.ch\/wp-content\/uploads\/2021\/11\/kapweine.jpg&#8221; title_text=&#8221;kapweine&#8221; _builder_version=&#8221;4.10.7&#8243; _module_preset=&#8221;default&#8221; global_colors_info=&#8221;{}&#8221;][\/et_pb_image][\/et_pb_column][\/et_pb_row][\/et_pb_section][et_pb_section fb_built=&#8221;1&#8243; _builder_version=&#8221;4.10.7&#8243; _module_preset=&#8221;default&#8221; global_colors_info=&#8221;{}&#8221;][et_pb_row _builder_version=&#8221;4.10.7&#8243; _module_preset=&#8221;default&#8221; global_colors_info=&#8221;{}&#8221;][et_pb_column type=&#8221;4_4&#8243; _builder_version=&#8221;4.10.7&#8243; _module_preset=&#8221;default&#8221; global_colors_info=&#8221;{}&#8221;][et_pb_text _builder_version=&#8221;4.10.7&#8243; _module_preset=&#8221;default&#8221; global_colors_info=&#8221;{}&#8221;]<p><span>Alle Angaben auf diesen Seiten wurden vom Autor mit Sorgfalt ausgew\u00e4hlt und \u00fcberpr\u00fcft. Leider k\u00f6nnen wir inhaltliche Fehler nicht vollst\u00e4ndig ausschliessen. Daher sind alle Angaben ohne Gew\u00e4hr und Garantie auf Richtigkeit. Korrekturhinweise und neue Links an<span style=\"color: #000000;\"><strong>\u00a0<\/strong><\/span><\/span><span style=\"color: #333333;\"><strong><a href=\"mailto:info@kapweine.ch\" style=\"color: #333333;\">info@kapweine.ch<\/a>.<\/strong><\/span><\/p>[\/et_pb_text][\/et_pb_column][\/et_pb_row][\/et_pb_section]\n","protected":false},"excerpt":{"rendered":"<p>KapWeine Partner Diverse Empfehlungen Produzenten Wein &amp; Essen Wein Restaurants in S\u00fcdafrika Esswaren &amp; Getr\u00e4nke Tourismus Allg. S\u00fcdafrika Transport Reisen Unterk\u00fcnfte\/ Accommodation Wellness &amp; Sports Literatur Ausbildung Handel &amp; Kommerz Kongresszentren &amp; Messehallen Industrie Landwirtschaft Immobilien M\u00e4rkte Finanz Offizielle Seiten\/Politik Government IT Wohlt\u00e4tigkeit &amp; Soziales Hilfswerke Projekte f\u00fcr Menschen Projekte f\u00fcr Tiere Projekte f\u00fcr Natur [&hellip;]<\/p>\n","protected":false},"author":1,"featured_media":0,"parent":0,"menu_order":0,"comment_status":"closed","ping_status":"closed","template":"","meta":{"_et_pb_use_builder":"on","_et_pb_old_content":"","_et_gb_content_width":"","_links_to":"","_links_to_target":""},"yoast_head":"<!-- This site is optimized with the Yoast SEO plugin v17.1 - https:\/\/yoast.com\/wordpress\/plugins\/seo\/ -->\n<title>\u00dcbersicht Links - Kapweine<\/title>\n<meta name=\"robots\" content=\"index, follow, max-snippet:-1, max-image-preview:large, max-video-preview:-1\" \/>\n<link rel=\"canonical\" href=\"https:\/\/kapweine.ch\/en\/uebersicht-links\/\" \/>\n<meta name=\"twitter:label1\" content=\"Est. reading time\" \/>\n\t<meta name=\"twitter:data1\" content=\"2 minutes\" \/>\n<script type=\"application\/ld+json\" class=\"yoast-schema-graph\">{\"@context\":\"https:\/\/schema.org\",\"@graph\":[{\"@type\":[\"Person\",\"Organization\"],\"@id\":\"https:\/\/kapweine.ch\/#\/schema\/person\/7eefcc412830a8352081b5c962b32917\",\"name\":\"kapweine\",\"image\":{\"@type\":\"ImageObject\",\"@id\":\"https:\/\/kapweine.ch\/#personlogo\",\"inLanguage\":\"en-US\",\"url\":\"https:\/\/secure.gravatar.com\/avatar\/cca08b19179943facd711814c8953849?s=96&d=blank&r=g\",\"contentUrl\":\"https:\/\/secure.gravatar.com\/avatar\/cca08b19179943facd711814c8953849?s=96&d=blank&r=g\",\"caption\":\"kapweine\"},\"logo\":{\"@id\":\"https:\/\/kapweine.ch\/#personlogo\"},\"sameAs\":[\"https:\/\/kapweine.ch\"]},{\"@type\":\"WebSite\",\"@id\":\"https:\/\/kapweine.ch\/#website\",\"url\":\"https:\/\/kapweine.ch\/\",\"name\":\"Kapweine\",\"description\":\"The Home of South African Wines\",\"publisher\":{\"@id\":\"https:\/\/kapweine.ch\/#\/schema\/person\/7eefcc412830a8352081b5c962b32917\"},\"potentialAction\":[{\"@type\":\"SearchAction\",\"target\":{\"@type\":\"EntryPoint\",\"urlTemplate\":\"https:\/\/kapweine.ch\/?s={search_term_string}\"},\"query-input\":\"required name=search_term_string\"}],\"inLanguage\":\"en-US\"},{\"@type\":\"WebPage\",\"@id\":\"https:\/\/kapweine.ch\/uebersicht-links\/#webpage\",\"url\":\"https:\/\/kapweine.ch\/uebersicht-links\/\",\"name\":\"\\u00dcbersicht Links - Kapweine\",\"isPartOf\":{\"@id\":\"https:\/\/kapweine.ch\/#website\"},\"datePublished\":\"2021-11-03T09:15:20+00:00\",\"dateModified\":\"2021-12-09T08:42:29+00:00\",\"breadcrumb\":{\"@id\":\"https:\/\/kapweine.ch\/uebersicht-links\/#breadcrumb\"},\"inLanguage\":\"en-US\",\"potentialAction\":[{\"@type\":\"ReadAction\",\"target\":[\"https:\/\/kapweine.ch\/uebersicht-links\/\"]}]},{\"@type\":\"BreadcrumbList\",\"@id\":\"https:\/\/kapweine.ch\/uebersicht-links\/#breadcrumb\",\"itemListElement\":[{\"@type\":\"ListItem\",\"position\":1,\"name\":\"Home\",\"item\":\"https:\/\/kapweine.ch\/\"},{\"@type\":\"ListItem\",\"position\":2,\"name\":\"\\u00dcbersicht Links\"}]}]}<\/script>\n<!-- \/ Yoast SEO plugin. -->","yoast_head_json":{"title":"\u00dcbersicht Links - Kapweine","robots":{"index":"index","follow":"follow","max-snippet":"max-snippet:-1","max-image-preview":"max-image-preview:large","max-video-preview":"max-video-preview:-1"},"canonical":"https:\/\/kapweine.ch\/en\/uebersicht-links\/","twitter_misc":{"Est. reading time":"2 minutes"},"schema":{"@context":"https:\/\/schema.org","@graph":[{"@type":["Person","Organization"],"@id":"https:\/\/kapweine.ch\/#\/schema\/person\/7eefcc412830a8352081b5c962b32917","name":"kapweine","image":{"@type":"ImageObject","@id":"https:\/\/kapweine.ch\/#personlogo","inLanguage":"en-US","url":"https:\/\/secure.gravatar.com\/avatar\/cca08b19179943facd711814c8953849?s=96&d=blank&r=g","contentUrl":"https:\/\/secure.gravatar.com\/avatar\/cca08b19179943facd711814c8953849?s=96&d=blank&r=g","caption":"kapweine"},"logo":{"@id":"https:\/\/kapweine.ch\/#personlogo"},"sameAs":["https:\/\/kapweine.ch"]},{"@type":"WebSite","@id":"https:\/\/kapweine.ch\/#website","url":"https:\/\/kapweine.ch\/","name":"Kapweine","description":"The Home of South African Wines","publisher":{"@id":"https:\/\/kapweine.ch\/#\/schema\/person\/7eefcc412830a8352081b5c962b32917"},"potentialAction":[{"@type":"SearchAction","target":{"@type":"EntryPoint","urlTemplate":"https:\/\/kapweine.ch\/?s={search_term_string}"},"query-input":"required name=search_term_string"}],"inLanguage":"en-US"},{"@type":"WebPage","@id":"https:\/\/kapweine.ch\/uebersicht-links\/#webpage","url":"https:\/\/kapweine.ch\/uebersicht-links\/","name":"\u00dcbersicht Links - Kapweine","isPartOf":{"@id":"https:\/\/kapweine.ch\/#website"},"datePublished":"2021-11-03T09:15:20+00:00","dateModified":"2021-12-09T08:42:29+00:00","breadcrumb":{"@id":"https:\/\/kapweine.ch\/uebersicht-links\/#breadcrumb"},"inLanguage":"en-US","potentialAction":[{"@type":"ReadAction","target":["https:\/\/kapweine.ch\/uebersicht-links\/"]}]},{"@type":"BreadcrumbList","@id":"https:\/\/kapweine.ch\/uebersicht-links\/#breadcrumb","itemListElement":[{"@type":"ListItem","position":1,"name":"Home","item":"https:\/\/kapweine.ch\/"},{"@type":"ListItem","position":2,"name":"\u00dcbersicht Links"}]}]}},"_links":{"self":[{"href":"https:\/\/kapweine.ch\/en\/wp-json\/wp\/v2\/pages\/1538"}],"collection":[{"href":"https:\/\/kapweine.ch\/en\/wp-json\/wp\/v2\/pages"}],"about":[{"href":"https:\/\/kapweine.ch\/en\/wp-json\/wp\/v2\/types\/page"}],"author":[{"embeddable":true,"href":"https:\/\/kapweine.ch\/en\/wp-json\/wp\/v2\/users\/1"}],"replies":[{"embeddable":true,"href":"https:\/\/kapweine.ch\/en\/wp-json\/wp\/v2\/comments?post=1538"}],"version-history":[{"count":15,"href":"https:\/\/kapweine.ch\/en\/wp-json\/wp\/v2\/pages\/1538\/revisions"}],"predecessor-version":[{"id":8454,"href":"https:\/\/kapweine.ch\/en\/wp-json\/wp\/v2\/pages\/1538\/revisions\/8454"}],"wp:attachment":[{"href":"https:\/\/kapweine.ch\/en\/wp-json\/wp\/v2\/media?parent=1538"}],"curies":[{"name":"wp","href":"https:\/\/api.w.org\/{rel}","templated":true}]}}