{"id":1549,"date":"2021-11-03T12:28:31","date_gmt":"2021-11-03T09:28:31","guid":{"rendered":"https:\/\/kapweine.ch\/?page_id=1549"},"modified":"2022-01-28T12:22:17","modified_gmt":"2022-01-28T11:22:17","slug":"biodiversity","status":"publish","type":"page","link":"https:\/\/kapweine.ch\/en\/biodiversity\/","title":{"rendered":"Biodiversity"},"content":{"rendered":"\n\n\n\n[et_pb_section fb_built=&#8221;1&#8243; _builder_version=&#8221;4.10.7&#8243; _module_preset=&#8221;default&#8221; global_colors_info=&#8221;{}&#8221;][et_pb_row _builder_version=&#8221;4.10.7&#8243; _module_preset=&#8221;default&#8221; global_colors_info=&#8221;{}&#8221;][et_pb_column type=&#8221;4_4&#8243; _builder_version=&#8221;4.10.7&#8243; _module_preset=&#8221;default&#8221; global_colors_info=&#8221;{}&#8221;][et_pb_text _builder_version=&#8221;4.10.7&#8243; _module_preset=&#8221;default&#8221; global_colors_info=&#8221;{}&#8221;]<table border=\"1\" style=\"border-collapse: collapse; width: 100.246%;\" height=\"152\">\n<tbody>\n<tr>\n<td style=\"width: 33.3333%;\"><span style=\"color: #000000;\"><strong><a href=\"\/suedafrika-info\/\" style=\"color: #000000;\">S\u00fcdafrika allgemein &gt;&gt;<\/a><\/strong><\/span><\/td>\n<td style=\"width: 33.3333%;\"><span style=\"color: #000000;\"><strong><a href=\"https:\/\/de.wikipedia.org\/wiki\/S%C3%BCdafrika\" target=\"_blank\" rel=\"noopener\" style=\"color: #000000;\">Wikipedia S\u00fcdafrika\u00a0&gt;&gt;<\/a><\/strong><\/span><\/td>\n<td style=\"width: 33.3333%;\"><span style=\"color: #000000;\"><strong><a href=\"\/wp-content\/uploads\/2021\/11\/Nelson_Mandela.pdf\" style=\"color: #000000;\">Nelson Mandela &gt;&gt;<\/a><\/strong><\/span><\/td>\n<\/tr>\n<tr>\n<td style=\"width: 33.3333%;\"><span style=\"color: #000000;\"><strong><a href=\"\/uebersicht-links\/\" style=\"color: #000000;\">Links zu S\u00fcdafrika &gt;&gt;<\/a><\/strong><\/span><\/td>\n<td class=\"artikel1\" style=\"width: 33.3333%;\"><span style=\"color: #000000;\"><strong><a href=\"\/wp-content\/uploads\/2021\/11\/kapreport.pdf\" target=\"_blank\" rel=\"noopener\" style=\"color: #000000;\">Download Weinreport<\/a><\/strong><\/span><br \/><span style=\"color: #000000;\"><strong>(April\u00a02010,\u00a0800kb)<\/strong><\/span><\/td>\n<td style=\"width: 33.3333%;\"><span style=\"color: #000000;\"><strong><a href=\"\/wp-content\/uploads\/2021\/11\/Rebsorten-Bericht.pdf\" target=\"_blank\" rel=\"noopener\" style=\"color: #000000;\">Download Rebsortenbericht<\/a><\/strong><\/span><br \/><span style=\"color: #000000;\"><strong>(Juli\u00a02005,\u00a0739kb)<\/strong><\/span><\/td>\n<\/tr>\n<tr>\n<td style=\"width: 33.3333%;\"><span style=\"color: #000000;\"><strong><a href=\"\/biodiversity\/\" style=\"color: #000000;\">Biodiversity\u00a0&gt;&gt;<\/a><\/strong><\/span><\/td>\n<td class=\"artikel1\" style=\"width: 33.3333%;\"><span style=\"color: #000000;\"><strong><a href=\"\/pinotage\/\" style=\"color: #000000;\">Pinotage\u00a0&gt;&gt;<\/a><\/strong><\/span><\/td>\n<td style=\"width: 33.3333%;\"><span style=\"color: #000000;\"><strong><a href=\"\/wp-content\/uploads\/2021\/11\/Kulinarische_Reise_Kapstadt.pdf\" target=\"_blank\" rel=\"noopener\" style=\"color: #000000;\">Bericht f\u00fcr Feinschmecker &gt;&gt;<\/a><\/strong><\/span><br \/><span style=\"color: #000000;\"><strong>(Februar 2006, 1.5MB)<\/strong><\/span><\/td>\n<\/tr>\n<tr>\n<td style=\"width: 33.3333%;\"><span style=\"color: #000000;\"><strong><a href=\"\/fussball-wm-2010\/\" style=\"color: #000000;\">Fussball-WM 2010 &gt;&gt;<\/a><\/strong><\/span><\/td>\n<td style=\"width: 33.3333%;\"><span style=\"color: #000000;\"><strong><a href=\"\/golfen-in-suedafrika\/\" style=\"color: #000000;\">Golfen in S\u00fcdafrika\u00a0&gt;&gt;<\/a><\/strong><\/span><\/td>\n<td style=\"width: 33.3333%;\"><span style=\"color: #000000;\"><strong><a href=\"\/schwulen-und-lesben-info\/\" style=\"color: #000000;\">Schwulen und Lesben Info\u00a0&gt;&gt;<\/a><\/strong><\/span><\/td>\n<\/tr>\n<\/tbody>\n<\/table>[\/et_pb_text][\/et_pb_column][\/et_pb_row][\/et_pb_section][et_pb_section fb_built=&#8221;1&#8243; _builder_version=&#8221;4.10.7&#8243; _module_preset=&#8221;default&#8221; global_colors_info=&#8221;{}&#8221;][et_pb_row _builder_version=&#8221;4.10.7&#8243; _module_preset=&#8221;default&#8221; global_colors_info=&#8221;{}&#8221;][et_pb_column type=&#8221;4_4&#8243; _builder_version=&#8221;4.10.7&#8243; _module_preset=&#8221;default&#8221; global_colors_info=&#8221;{}&#8221;][et_pb_text _builder_version=&#8221;4.10.7&#8243; _module_preset=&#8221;default&#8221; global_colors_info=&#8221;{}&#8221;]<h3><b class=\"A1\">Biodiversity Initiative in den S\u00fcdafrikanischen Weinregionen<\/b><\/h3>[\/et_pb_text][\/et_pb_column][\/et_pb_row][et_pb_row column_structure=&#8221;2_3,1_3&#8243; _builder_version=&#8221;4.10.7&#8243; _module_preset=&#8221;default&#8221; global_colors_info=&#8221;{}&#8221;][et_pb_column type=&#8221;2_3&#8243; _builder_version=&#8221;4.10.7&#8243; _module_preset=&#8221;default&#8221; global_colors_info=&#8221;{}&#8221;][et_pb_text _builder_version=&#8221;4.10.7&#8243; _module_preset=&#8221;default&#8221; global_colors_info=&#8221;{}&#8221;]<p><span>Vor \u00fcber 100 Jahren errichtete S\u00fcdafrika mit dem Kr\u00fcger Park einen Nationalpark zum Schutz der wilden Tiere der halb so gross ist wie die Schweiz. Zu dieser Zeit war Tier- oder Naturschutz in vielen L\u00e4nder ein Fremdwort. Dies zeigt auf wie fortschrittlich S\u00fcdafrika ist und wie sehr man dem Land und der Natur verbunden ist. Man hat erkannt, dass der Mensch nur ein Gast ist auf diesem Planten.<\/span><\/p>[\/et_pb_text][\/et_pb_column][et_pb_column type=&#8221;1_3&#8243; _builder_version=&#8221;4.10.7&#8243; _module_preset=&#8221;default&#8221; global_colors_info=&#8221;{}&#8221;][et_pb_image src=&#8221;https:\/\/kapweine.ch\/wp-content\/uploads\/2021\/11\/bd_landschaft.jpg&#8221; title_text=&#8221;bd_landschaft&#8221; align=&#8221;right&#8221; _builder_version=&#8221;4.10.7&#8243; _module_preset=&#8221;default&#8221; global_colors_info=&#8221;{}&#8221;][\/et_pb_image][\/et_pb_column][\/et_pb_row][et_pb_row column_structure=&#8221;1_3,2_3&#8243; _builder_version=&#8221;4.10.7&#8243; _module_preset=&#8221;default&#8221; global_colors_info=&#8221;{}&#8221;][et_pb_column type=&#8221;1_3&#8243; _builder_version=&#8221;4.10.7&#8243; _module_preset=&#8221;default&#8221; global_colors_info=&#8221;{}&#8221;][et_pb_image src=&#8221;https:\/\/kapweine.ch\/wp-content\/uploads\/2021\/11\/bd_vogel_protea.jpg&#8221; title_text=&#8221;bd_vogel_protea&#8221; _builder_version=&#8221;4.10.7&#8243; _module_preset=&#8221;default&#8221; global_colors_info=&#8221;{}&#8221;][\/et_pb_image][\/et_pb_column][et_pb_column type=&#8221;2_3&#8243; _builder_version=&#8221;4.10.7&#8243; _module_preset=&#8221;default&#8221; global_colors_info=&#8221;{}&#8221;][et_pb_text _builder_version=&#8221;4.10.7&#8243; _module_preset=&#8221;default&#8221; global_colors_info=&#8221;{}&#8221;]<p>Nun wurde in S\u00fcdafrika die BWI Initiative (Biodiversity und Wein Initiative) in den Weinregionen ins Leben gerufen zum Schutze der einmaligen Fauna und Pflanzenwelt.<\/p>\n<p>Lesen Sie dazu die diversen Berichte welche diese Initiative dokumentieren und ihre Tragweite erkl\u00e4ren.<\/p>[\/et_pb_text][\/et_pb_column][\/et_pb_row][et_pb_row column_structure=&#8221;2_3,1_3&#8243; _builder_version=&#8221;4.10.7&#8243; _module_preset=&#8221;default&#8221; global_colors_info=&#8221;{}&#8221;][et_pb_column type=&#8221;2_3&#8243; _builder_version=&#8221;4.10.7&#8243; _module_preset=&#8221;default&#8221; global_colors_info=&#8221;{}&#8221;][et_pb_text _builder_version=&#8221;4.10.7&#8243; _module_preset=&#8221;default&#8221; hover_enabled=&#8221;0&#8243; global_colors_info=&#8221;{}&#8221; sticky_enabled=&#8221;0&#8243;]<h4><span>Hier der Link zu &#8230;<\/span><\/h4>\n<ul>\n<li style=\"list-style-type: none;\">\n<ul>\n<li><span style=\"color: #333333;\"><strong><a href=\"\/wp-content\/uploads\/2021\/11\/NZZBiodiversityBericht2005.pdf\" style=\"color: #333333;\" target=\"_blank\" rel=\"noopener\">Bericht in der NZZ vom 6. Februar 2005<\/a><\/strong><\/span><\/li>\n<li><span style=\"color: #333333;\"><strong><a href=\"\/wp-content\/uploads\/2021\/11\/BiodiversityErkl\u0434rung.pdf\" style=\"color: #333333;\" target=\"_blank\" rel=\"noopener\">Biodiversity Erkl\u00e4rung<\/a><\/strong><\/span><\/li>\n<li><span style=\"color: #333333;\"><strong><a href=\"\/wp-content\/uploads\/2021\/11\/BiodiversityWeinInitiative.pdf\" style=\"color: #333333;\" target=\"_blank\" rel=\"noopener\">Biodiversity Wein Initiative<\/a><\/strong><\/span><\/li>\n<li><span style=\"color: #333333;\"><strong><a href=\"\/wp-content\/uploads\/2021\/11\/DieWeltBankunterstuetztBiodiversity.pdf\" style=\"color: #333333;\" target=\"_blank\" rel=\"noopener\">Die Welt Bank unterst\u00fctzt die Biodiversity Initiative<\/a><\/strong><\/span><\/li>\n<li><span style=\"color: #333333;\"><strong><a href=\"\/wp-content\/uploads\/2021\/11\/BiodiversityWeinInitiative.pdf\" style=\"color: #333333;\" target=\"_blank\" rel=\"noopener\">Biodiversity and Wine Initiative<\/a><\/strong><\/span><\/li>\n<li><span style=\"color: #333333;\"><strong><a href=\"\/wp-content\/uploads\/2021\/11\/VergelegenBiodiversityWineChampion.pdf\" style=\"color: #333333;\" target=\"_blank\" rel=\"noopener\">Vergelegen Biodiversity Wine Champion<\/a><\/strong><\/span><\/li>\n<li><span style=\"color: #333333;\"><strong><a href=\"\/wp-content\/uploads\/2021\/11\/Biodiversityandthefarmers.pdf\" style=\"color: #333333;\" target=\"_blank\" rel=\"noopener\">Biodiversity and the Farmers<\/a><\/strong><\/span><\/li>\n<li><span style=\"color: #333333;\"><strong><a href=\"\/wp-content\/uploads\/2021\/11\/VergelegenBiodiversitypressrelease.pdf\" style=\"color: #333333;\" target=\"_blank\" rel=\"noopener\">Vergelegen Biodiversity Press Release<\/a><\/strong><\/span><\/li>\n<\/ul>\n<\/li>\n<\/ul>[\/et_pb_text][\/et_pb_column][et_pb_column type=&#8221;1_3&#8243; _builder_version=&#8221;4.10.7&#8243; _module_preset=&#8221;default&#8221; global_colors_info=&#8221;{}&#8221;][et_pb_image src=&#8221;https:\/\/kapweine.ch\/wp-content\/uploads\/2021\/11\/bd_erde.jpg&#8221; title_text=&#8221;bd_erde&#8221; align=&#8221;right&#8221; _builder_version=&#8221;4.10.7&#8243; _module_preset=&#8221;default&#8221; global_colors_info=&#8221;{}&#8221;][\/et_pb_image][\/et_pb_column][\/et_pb_row][\/et_pb_section][et_pb_section fb_built=&#8221;1&#8243; _builder_version=&#8221;4.10.7&#8243; _module_preset=&#8221;default&#8221; global_colors_info=&#8221;{}&#8221;][et_pb_row column_structure=&#8221;2_3,1_3&#8243; _builder_version=&#8221;4.10.7&#8243; _module_preset=&#8221;default&#8221; global_colors_info=&#8221;{}&#8221;][et_pb_column type=&#8221;2_3&#8243; _builder_version=&#8221;4.10.7&#8243; _module_preset=&#8221;default&#8221; global_colors_info=&#8221;{}&#8221;][et_pb_text _builder_version=&#8221;4.10.7&#8243; _module_preset=&#8221;default&#8221; global_colors_info=&#8221;{}&#8221;]<h3>Partners bei diesem Projekt<\/h3>\n<ul>\n<li style=\"list-style-type: none;\">\n<ul>\n<li>Botanical Society of South Africa<\/li>\n<li>Cape Nature (formerly WCNCB)<\/li>\n<li>Centre for Agricultural Biodiversity (CAB), University of Stellenbosch<\/li>\n<li>Cape Action for People and the Environment (C.A.P.E.)<\/li>\n<li>Centre for Environmental Leadership in Business (CELB)<\/li>\n<li>Conservation International (CI)<\/li>\n<li>Critical Ecosystems Partnership Fund (CEPF)<\/li>\n<li>Department of Agriculture &#8211; Western Cape<\/li>\n<li>South African National Biodiversity Institute (SANBI)<\/li>\n<li>South African Wine and Brandy Company (SAWB)<\/li>\n<li>Wine and Spirit Board with the Scheme for the Integrated Production of Wine (IPW)<\/li>\n<li>Wine Industry Network of Expertise and Technology (WINETECH)<\/li>\n<li>Wines of South Africa (WOSA)<\/li>\n<li>World Conservation Union (IUCN)<\/li>\n<li>WWF-SA (The Green Trust and Table Mountain Fund)<\/li>\n<\/ul>\n<\/li>\n<\/ul>[\/et_pb_text][\/et_pb_column][et_pb_column type=&#8221;1_3&#8243; _builder_version=&#8221;4.10.7&#8243; _module_preset=&#8221;default&#8221; global_colors_info=&#8221;{}&#8221;][et_pb_image src=&#8221;https:\/\/kapweine.ch\/wp-content\/uploads\/2021\/11\/bd_blume.jpg&#8221; title_text=&#8221;bd_blume&#8221; align=&#8221;right&#8221; _builder_version=&#8221;4.10.7&#8243; _module_preset=&#8221;default&#8221; custom_margin=&#8221;||113px|||&#8221; global_colors_info=&#8221;{}&#8221;][\/et_pb_image][\/et_pb_column][\/et_pb_row][\/et_pb_section]\n\n\n\n","protected":false},"excerpt":{"rendered":"<p>S\u00fcdafrika allgemein &gt;&gt; Wikipedia S\u00fcdafrika\u00a0&gt;&gt; Nelson Mandela &gt;&gt; Links zu S\u00fcdafrika &gt;&gt; Download Weinreport(April\u00a02010,\u00a0800kb) Download Rebsortenbericht(Juli\u00a02005,\u00a0739kb) Biodiversity\u00a0&gt;&gt; Pinotage\u00a0&gt;&gt; Bericht f\u00fcr Feinschmecker &gt;&gt;(Februar 2006, 1.5MB) Fussball-WM 2010 &gt;&gt; Golfen in S\u00fcdafrika\u00a0&gt;&gt; Schwulen und Lesben Info\u00a0&gt;&gt; Biodiversity Initiative in den S\u00fcdafrikanischen WeinregionenVor \u00fcber 100 Jahren errichtete S\u00fcdafrika mit dem Kr\u00fcger Park einen Nationalpark zum Schutz der wilden [&hellip;]<\/p>\n","protected":false},"author":1,"featured_media":0,"parent":0,"menu_order":0,"comment_status":"closed","ping_status":"closed","template":"","meta":{"_et_pb_use_builder":"on","_et_pb_old_content":"","_et_gb_content_width":"","_links_to":"","_links_to_target":""},"yoast_head":"<!-- This site is optimized with the Yoast SEO plugin v17.1 - https:\/\/yoast.com\/wordpress\/plugins\/seo\/ -->\n<title>Biodiversity - Kapweine<\/title>\n<meta name=\"robots\" content=\"index, follow, max-snippet:-1, max-image-preview:large, max-video-preview:-1\" \/>\n<link rel=\"canonical\" href=\"https:\/\/kapweine.ch\/en\/biodiversity\/\" \/>\n<meta name=\"twitter:label1\" content=\"Est. reading time\" \/>\n\t<meta name=\"twitter:data1\" content=\"2 minutes\" \/>\n<script type=\"application\/ld+json\" class=\"yoast-schema-graph\">{\"@context\":\"https:\/\/schema.org\",\"@graph\":[{\"@type\":[\"Person\",\"Organization\"],\"@id\":\"https:\/\/kapweine.ch\/#\/schema\/person\/7eefcc412830a8352081b5c962b32917\",\"name\":\"kapweine\",\"image\":{\"@type\":\"ImageObject\",\"@id\":\"https:\/\/kapweine.ch\/#personlogo\",\"inLanguage\":\"en-US\",\"url\":\"https:\/\/secure.gravatar.com\/avatar\/cca08b19179943facd711814c8953849?s=96&d=blank&r=g\",\"contentUrl\":\"https:\/\/secure.gravatar.com\/avatar\/cca08b19179943facd711814c8953849?s=96&d=blank&r=g\",\"caption\":\"kapweine\"},\"logo\":{\"@id\":\"https:\/\/kapweine.ch\/#personlogo\"},\"sameAs\":[\"https:\/\/kapweine.ch\"]},{\"@type\":\"WebSite\",\"@id\":\"https:\/\/kapweine.ch\/#website\",\"url\":\"https:\/\/kapweine.ch\/\",\"name\":\"Kapweine\",\"description\":\"The Home of South African Wines\",\"publisher\":{\"@id\":\"https:\/\/kapweine.ch\/#\/schema\/person\/7eefcc412830a8352081b5c962b32917\"},\"potentialAction\":[{\"@type\":\"SearchAction\",\"target\":{\"@type\":\"EntryPoint\",\"urlTemplate\":\"https:\/\/kapweine.ch\/?s={search_term_string}\"},\"query-input\":\"required name=search_term_string\"}],\"inLanguage\":\"en-US\"},{\"@type\":\"WebPage\",\"@id\":\"https:\/\/kapweine.ch\/biodiversity\/#webpage\",\"url\":\"https:\/\/kapweine.ch\/biodiversity\/\",\"name\":\"Biodiversity - Kapweine\",\"isPartOf\":{\"@id\":\"https:\/\/kapweine.ch\/#website\"},\"datePublished\":\"2021-11-03T09:28:31+00:00\",\"dateModified\":\"2022-01-28T11:22:17+00:00\",\"breadcrumb\":{\"@id\":\"https:\/\/kapweine.ch\/biodiversity\/#breadcrumb\"},\"inLanguage\":\"en-US\",\"potentialAction\":[{\"@type\":\"ReadAction\",\"target\":[\"https:\/\/kapweine.ch\/biodiversity\/\"]}]},{\"@type\":\"BreadcrumbList\",\"@id\":\"https:\/\/kapweine.ch\/biodiversity\/#breadcrumb\",\"itemListElement\":[{\"@type\":\"ListItem\",\"position\":1,\"name\":\"Home\",\"item\":\"https:\/\/kapweine.ch\/\"},{\"@type\":\"ListItem\",\"position\":2,\"name\":\"Biodiversity\"}]}]}<\/script>\n<!-- \/ Yoast SEO plugin. -->","yoast_head_json":{"title":"Biodiversity - Kapweine","robots":{"index":"index","follow":"follow","max-snippet":"max-snippet:-1","max-image-preview":"max-image-preview:large","max-video-preview":"max-video-preview:-1"},"canonical":"https:\/\/kapweine.ch\/en\/biodiversity\/","twitter_misc":{"Est. reading time":"2 minutes"},"schema":{"@context":"https:\/\/schema.org","@graph":[{"@type":["Person","Organization"],"@id":"https:\/\/kapweine.ch\/#\/schema\/person\/7eefcc412830a8352081b5c962b32917","name":"kapweine","image":{"@type":"ImageObject","@id":"https:\/\/kapweine.ch\/#personlogo","inLanguage":"en-US","url":"https:\/\/secure.gravatar.com\/avatar\/cca08b19179943facd711814c8953849?s=96&d=blank&r=g","contentUrl":"https:\/\/secure.gravatar.com\/avatar\/cca08b19179943facd711814c8953849?s=96&d=blank&r=g","caption":"kapweine"},"logo":{"@id":"https:\/\/kapweine.ch\/#personlogo"},"sameAs":["https:\/\/kapweine.ch"]},{"@type":"WebSite","@id":"https:\/\/kapweine.ch\/#website","url":"https:\/\/kapweine.ch\/","name":"Kapweine","description":"The Home of South African Wines","publisher":{"@id":"https:\/\/kapweine.ch\/#\/schema\/person\/7eefcc412830a8352081b5c962b32917"},"potentialAction":[{"@type":"SearchAction","target":{"@type":"EntryPoint","urlTemplate":"https:\/\/kapweine.ch\/?s={search_term_string}"},"query-input":"required name=search_term_string"}],"inLanguage":"en-US"},{"@type":"WebPage","@id":"https:\/\/kapweine.ch\/biodiversity\/#webpage","url":"https:\/\/kapweine.ch\/biodiversity\/","name":"Biodiversity - Kapweine","isPartOf":{"@id":"https:\/\/kapweine.ch\/#website"},"datePublished":"2021-11-03T09:28:31+00:00","dateModified":"2022-01-28T11:22:17+00:00","breadcrumb":{"@id":"https:\/\/kapweine.ch\/biodiversity\/#breadcrumb"},"inLanguage":"en-US","potentialAction":[{"@type":"ReadAction","target":["https:\/\/kapweine.ch\/biodiversity\/"]}]},{"@type":"BreadcrumbList","@id":"https:\/\/kapweine.ch\/biodiversity\/#breadcrumb","itemListElement":[{"@type":"ListItem","position":1,"name":"Home","item":"https:\/\/kapweine.ch\/"},{"@type":"ListItem","position":2,"name":"Biodiversity"}]}]}},"_links":{"self":[{"href":"https:\/\/kapweine.ch\/en\/wp-json\/wp\/v2\/pages\/1549"}],"collection":[{"href":"https:\/\/kapweine.ch\/en\/wp-json\/wp\/v2\/pages"}],"about":[{"href":"https:\/\/kapweine.ch\/en\/wp-json\/wp\/v2\/types\/page"}],"author":[{"embeddable":true,"href":"https:\/\/kapweine.ch\/en\/wp-json\/wp\/v2\/users\/1"}],"replies":[{"embeddable":true,"href":"https:\/\/kapweine.ch\/en\/wp-json\/wp\/v2\/comments?post=1549"}],"version-history":[{"count":6,"href":"https:\/\/kapweine.ch\/en\/wp-json\/wp\/v2\/pages\/1549\/revisions"}],"predecessor-version":[{"id":8393,"href":"https:\/\/kapweine.ch\/en\/wp-json\/wp\/v2\/pages\/1549\/revisions\/8393"}],"wp:attachment":[{"href":"https:\/\/kapweine.ch\/en\/wp-json\/wp\/v2\/media?parent=1549"}],"curies":[{"name":"wp","href":"https:\/\/api.w.org\/{rel}","templated":true}]}}