{"id":1569,"date":"2021-11-03T13:35:06","date_gmt":"2021-11-03T10:35:06","guid":{"rendered":"https:\/\/kapweine.ch\/?page_id=1569"},"modified":"2021-12-09T10:31:07","modified_gmt":"2021-12-09T07:31:07","slug":"premium-wein-reisen","status":"publish","type":"page","link":"https:\/\/kapweine.ch\/en\/premium-wein-reisen\/","title":{"rendered":"Premium Wein-Reisen"},"content":{"rendered":"\n[et_pb_section fb_built=&#8221;1&#8243; _builder_version=&#8221;4.10.7&#8243; _module_preset=&#8221;default&#8221; global_colors_info=&#8221;{}&#8221;][et_pb_row _builder_version=&#8221;4.10.7&#8243; _module_preset=&#8221;default&#8221; global_colors_info=&#8221;{}&#8221;][et_pb_column type=&#8221;4_4&#8243; _builder_version=&#8221;4.10.7&#8243; _module_preset=&#8221;default&#8221; global_colors_info=&#8221;{}&#8221;][et_pb_text _builder_version=&#8221;4.10.7&#8243; _module_preset=&#8221;default&#8221; hover_enabled=&#8221;0&#8243; global_colors_info=&#8221;{}&#8221; sticky_enabled=&#8221;0&#8243;]<table border=\"1\" style=\"border-collapse: collapse; width: 100.122%;\" height=\"64\">\n<tbody>\n<tr>\n<td style=\"width: 33.3333%;\"><span style=\"color: #333333;\"><strong><a href=\"\/insider-tipps\/\" style=\"color: #333333;\">Insider-Tipps\u00a0&gt;&gt;<\/a><\/strong><\/span><\/td>\n<td style=\"width: 33.3333%;\"><span style=\"color: #333333;\"><strong><a href=\"\/premium-wein-reisen\/\" style=\"color: #333333;\">Premium Wein-Reisen\u00a0&gt;&gt;<\/a><\/strong><\/span><\/td>\n<td style=\"width: 33.3333%;\"><span style=\"color: #333333;\"><strong><a href=\"\/reiseberichte-aus-suedafrika\/\" style=\"color: #333333;\">Reisebericht I &gt;&gt;<\/a><\/strong><\/span>\n<span>(Wein &#8211; und eine &#8220;Amour Fou&#8221;)<\/span><\/td>\n<\/tr>\n<tr>\n<td style=\"width: 33.3333%;\"><span style=\"color: #333333;\"><strong><a href=\"\/wp-content\/uploads\/2021\/11\/reisebericht2.pdf\" style=\"color: #333333;\" target=\"_blank\" rel=\"noopener\">Reisebericht II &gt;&gt;<\/a><\/strong><\/span>\n<span>(Autoren: Nicola &amp; Ivo, PDF 288kb)<\/span><\/td>\n<td style=\"width: 33.3333%;\"><span style=\"color: #333333;\"><strong><a href=\"\/wp-content\/uploads\/2021\/11\/Reisebericht_Alfred_Vogel.pdf\" style=\"color: #333333;\" target=\"_blank\" rel=\"noopener\">Reisebericht III &gt;&gt;<\/a><\/strong><\/span>\n<span>(Autor: Alfred Vogel, PDF 472kb)<\/span><\/td>\n<td style=\"width: 33.3333%;\"><a href=\"\/wp-content\/uploads\/2021\/11\/Kelly_travel_report.pdf\" target=\"_blank\" rel=\"noopener\"><span style=\"color: #333333;\"><strong>Reisebericht &gt;&gt;<\/strong><\/span><\/a>\n<span>(in englisch, PDF 125kb)<\/span><\/td>\n<\/tr>\n<tr>\n<td style=\"width: 33.3333%;\"><span style=\"color: #333333;\"><strong><a href=\"\/wp-content\/uploads\/2021\/11\/Travel_Tipps_South_Africa_English.doc\" style=\"color: #333333;\" target=\"_blank\" rel=\"noopener\">Reiserouten &gt;&gt;<\/a><\/strong><\/span>\n<span>(in englisch, Word 635kb)<\/span><\/td>\n<td style=\"width: 33.3333%;\"><\/td>\n<td style=\"width: 33.3333%;\"><\/td>\n<\/tr>\n<\/tbody>\n<\/table>[\/et_pb_text][\/et_pb_column][\/et_pb_row][et_pb_row _builder_version=&#8221;4.10.7&#8243; _module_preset=&#8221;default&#8221; global_colors_info=&#8221;{}&#8221;][et_pb_column type=&#8221;4_4&#8243; _builder_version=&#8221;4.10.7&#8243; _module_preset=&#8221;default&#8221; global_colors_info=&#8221;{}&#8221;][et_pb_text _builder_version=&#8221;4.10.7&#8243; _module_preset=&#8221;default&#8221; global_colors_info=&#8221;{}&#8221;]<h3>Reiseberichte aus S\u00fcdafrika<\/h3>[\/et_pb_text][et_pb_text _builder_version=&#8221;4.10.7&#8243; _module_preset=&#8221;default&#8221; global_colors_info=&#8221;{}&#8221;]<span>Neben dieser tollen Wein-Dine-Natur Reise finden Sie auf unserer Website viele weitere n\u00fctzliche Tipps,\u00a0<\/span><a href=\"\/reiseberichte-aus-suedafrika\/\">Reiseberichte<\/a><span>\u00a0und\u00a0<\/span><a href=\"\/insider-tipps\/\">Insidertipps<\/a><span>\u00a0zu Ihrem Aufenthalt in S\u00fcdafrika.<\/span>[\/et_pb_text][\/et_pb_column][\/et_pb_row][et_pb_row _builder_version=&#8221;4.10.7&#8243; _module_preset=&#8221;default&#8221; global_colors_info=&#8221;{}&#8221;][et_pb_column type=&#8221;4_4&#8243; _builder_version=&#8221;4.10.7&#8243; _module_preset=&#8221;default&#8221; global_colors_info=&#8221;{}&#8221;][et_pb_text _builder_version=&#8221;4.10.7&#8243; _module_preset=&#8221;default&#8221; global_colors_info=&#8221;{}&#8221;]<h3>S\u00fcdafrika \u2013 wo Ferien und Genuss zum Erlebnis werden!<\/h3>[\/et_pb_text][et_pb_image src=&#8221;data:image\/svg+xml;base64,PHN2ZyB3aWR0aD0iMTA4MCIgaGVpZ2h0PSI1NDAiIHZpZXdCb3g9IjAgMCAxMDgwIDU0MCIgeG1sbnM9Imh0dHA6Ly93d3cudzMub3JnLzIwMDAvc3ZnIj4KICAgIDxnIGZpbGw9Im5vbmUiIGZpbGwtcnVsZT0iZXZlbm9kZCI+CiAgICAgICAgPHBhdGggZmlsbD0iI0VCRUJFQiIgZD0iTTAgMGgxMDgwdjU0MEgweiIvPgogICAgICAgIDxwYXRoIGQ9Ik00NDUuNjQ5IDU0MGgtOTguOTk1TDE0NC42NDkgMzM3Ljk5NSAwIDQ4Mi42NDR2LTk4Ljk5NWwxMTYuMzY1LTExNi4zNjVjMTUuNjItMTUuNjIgNDAuOTQ3LTE1LjYyIDU2LjU2OCAwTDQ0NS42NSA1NDB6IiBmaWxsLW9wYWNpdHk9Ii4xIiBmaWxsPSIjMDAwIiBmaWxsLXJ1bGU9Im5vbnplcm8iLz4KICAgICAgICA8Y2lyY2xlIGZpbGwtb3BhY2l0eT0iLjA1IiBmaWxsPSIjMDAwIiBjeD0iMzMxIiBjeT0iMTQ4IiByPSI3MCIvPgogICAgICAgIDxwYXRoIGQ9Ik0xMDgwIDM3OXYxMTMuMTM3TDcyOC4xNjIgMTQwLjMgMzI4LjQ2MiA1NDBIMjE1LjMyNEw2OTkuODc4IDU1LjQ0NmMxNS42Mi0xNS42MiA0MC45NDgtMTUuNjIgNTYuNTY4IDBMMTA4MCAzNzl6IiBmaWxsLW9wYWNpdHk9Ii4yIiBmaWxsPSIjMDAwIiBmaWxsLXJ1bGU9Im5vbnplcm8iLz4KICAgIDwvZz4KPC9zdmc+Cg==&#8221; _builder_version=&#8221;4.10.7&#8243; _module_preset=&#8221;default&#8221; global_colors_info=&#8221;{}&#8221;][\/et_pb_image][et_pb_text _builder_version=&#8221;4.10.7&#8243; _module_preset=&#8221;default&#8221; global_colors_info=&#8221;{}&#8221;]<p>S\u00fcdafrika &#8211; dieses grosse, farbenfrohe und wunderbare Land bietet viele Natursch\u00f6nheiten wie Blyde River Canyon, Kr\u00fcgerpark, Hluhluwe Umfolozi Game Park, Drakensberge, und nicht zuletzt die Kap Region mit der Garden Route und den Weingebieten rund um Stellenbosch.<\/p>\n<p>Premium heisst nicht nur die Devise bei den Weinen im Angebot von KapWeine. Nein Premium sind auch die Reisen die<span>\u00a0<\/span><span style=\"color: #333333;\"><strong><a href=\"http:\/\/www.gugelmann.li\/\" target=\"_blank\" rel=\"noopener\" style=\"color: #333333;\">Didi&#8217;s Tavel Service<\/a><\/strong><\/span><span>\u00a0<\/span>anbietet. Dieter Gugelmann kennt Land und Leute seit Jahren und ist mit diesen herzlich verbunden. Seine berufliche Situation als Ma\u00eetre de Cabine bei Swissair, Balair und Swiss f\u00fchrten ihn oft in das Land der \u201eRegenbogennation\u201c im s\u00fcdlichen Afrika. Heute ist sein Hobby zur Berufung geworden. Dank seiner langj\u00e4hrigen Erfahrung im Reisegesch\u00e4ft wird auch Ihr S\u00fcdafrika Aufenthalt zum Erlebnis!<\/p>\n<p>Sie haben die Wahl: Garden Route auf 2 und\/oder 4 R\u00e4dern, Wine, Dine and Nature, S\u00fcdafrika \u00e0 la Carte nach Ihren W\u00fcnschen, gef\u00fchrte Reisen oder Self Drive. Wir erf\u00fcllen Ihre individuellen W\u00fcnsche. Nehmen Sie mit uns Kontakt auf. Wir freuen uns und<span>\u00a0<\/span><span style=\"color: #333333;\"><strong><a href=\"http:\/\/www.gugelmann.li\/\" target=\"_blank\" rel=\"noopener\" style=\"color: #333333;\">beraten Sie<\/a><\/strong><\/span><span>\u00a0<\/span>gerne.<\/p>[\/et_pb_text][et_pb_image src=&#8221;data:image\/svg+xml;base64,PHN2ZyB3aWR0aD0iMTA4MCIgaGVpZ2h0PSI1NDAiIHZpZXdCb3g9IjAgMCAxMDgwIDU0MCIgeG1sbnM9Imh0dHA6Ly93d3cudzMub3JnLzIwMDAvc3ZnIj4KICAgIDxnIGZpbGw9Im5vbmUiIGZpbGwtcnVsZT0iZXZlbm9kZCI+CiAgICAgICAgPHBhdGggZmlsbD0iI0VCRUJFQiIgZD0iTTAgMGgxMDgwdjU0MEgweiIvPgogICAgICAgIDxwYXRoIGQ9Ik00NDUuNjQ5IDU0MGgtOTguOTk1TDE0NC42NDkgMzM3Ljk5NSAwIDQ4Mi42NDR2LTk4Ljk5NWwxMTYuMzY1LTExNi4zNjVjMTUuNjItMTUuNjIgNDAuOTQ3LTE1LjYyIDU2LjU2OCAwTDQ0NS42NSA1NDB6IiBmaWxsLW9wYWNpdHk9Ii4xIiBmaWxsPSIjMDAwIiBmaWxsLXJ1bGU9Im5vbnplcm8iLz4KICAgICAgICA8Y2lyY2xlIGZpbGwtb3BhY2l0eT0iLjA1IiBmaWxsPSIjMDAwIiBjeD0iMzMxIiBjeT0iMTQ4IiByPSI3MCIvPgogICAgICAgIDxwYXRoIGQ9Ik0xMDgwIDM3OXYxMTMuMTM3TDcyOC4xNjIgMTQwLjMgMzI4LjQ2MiA1NDBIMjE1LjMyNEw2OTkuODc4IDU1LjQ0NmMxNS42Mi0xNS42MiA0MC45NDgtMTUuNjIgNTYuNTY4IDBMMTA4MCAzNzl6IiBmaWxsLW9wYWNpdHk9Ii4yIiBmaWxsPSIjMDAwIiBmaWxsLXJ1bGU9Im5vbnplcm8iLz4KICAgIDwvZz4KPC9zdmc+Cg==&#8221; _builder_version=&#8221;4.10.7&#8243; _module_preset=&#8221;default&#8221; global_colors_info=&#8221;{}&#8221;][\/et_pb_image][\/et_pb_column][\/et_pb_row][\/et_pb_section]\n","protected":false},"excerpt":{"rendered":"<p>Insider-Tipps\u00a0&gt;&gt; Premium Wein-Reisen\u00a0&gt;&gt; Reisebericht I &gt;&gt; (Wein &#8211; und eine &#8220;Amour Fou&#8221;) Reisebericht II &gt;&gt; (Autoren: Nicola &amp; Ivo, PDF 288kb) Reisebericht III &gt;&gt; (Autor: Alfred Vogel, PDF 472kb) Reisebericht &gt;&gt; (in englisch, PDF 125kb) Reiserouten &gt;&gt; (in englisch, Word 635kb) Reiseberichte aus S\u00fcdafrikaNeben dieser tollen Wein-Dine-Natur Reise finden Sie auf unserer Website viele weitere [&hellip;]<\/p>\n","protected":false},"author":1,"featured_media":0,"parent":0,"menu_order":0,"comment_status":"closed","ping_status":"closed","template":"","meta":{"_et_pb_use_builder":"on","_et_pb_old_content":"<!-- wp:divi\/placeholder \/-->","_et_gb_content_width":"","_links_to":"","_links_to_target":""},"yoast_head":"<!-- This site is optimized with the Yoast SEO plugin v17.1 - https:\/\/yoast.com\/wordpress\/plugins\/seo\/ -->\n<title>Premium Wein-Reisen - Kapweine<\/title>\n<meta name=\"robots\" content=\"index, follow, max-snippet:-1, max-image-preview:large, max-video-preview:-1\" \/>\n<link rel=\"canonical\" href=\"https:\/\/kapweine.ch\/en\/premium-wein-reisen\/\" \/>\n<meta name=\"twitter:label1\" content=\"Est. reading time\" \/>\n\t<meta name=\"twitter:data1\" content=\"2 minutes\" \/>\n<script type=\"application\/ld+json\" class=\"yoast-schema-graph\">{\"@context\":\"https:\/\/schema.org\",\"@graph\":[{\"@type\":[\"Person\",\"Organization\"],\"@id\":\"https:\/\/kapweine.ch\/#\/schema\/person\/7eefcc412830a8352081b5c962b32917\",\"name\":\"kapweine\",\"image\":{\"@type\":\"ImageObject\",\"@id\":\"https:\/\/kapweine.ch\/#personlogo\",\"inLanguage\":\"en-US\",\"url\":\"https:\/\/secure.gravatar.com\/avatar\/cca08b19179943facd711814c8953849?s=96&d=blank&r=g\",\"contentUrl\":\"https:\/\/secure.gravatar.com\/avatar\/cca08b19179943facd711814c8953849?s=96&d=blank&r=g\",\"caption\":\"kapweine\"},\"logo\":{\"@id\":\"https:\/\/kapweine.ch\/#personlogo\"},\"sameAs\":[\"https:\/\/kapweine.ch\"]},{\"@type\":\"WebSite\",\"@id\":\"https:\/\/kapweine.ch\/#website\",\"url\":\"https:\/\/kapweine.ch\/\",\"name\":\"Kapweine\",\"description\":\"The Home of South African Wines\",\"publisher\":{\"@id\":\"https:\/\/kapweine.ch\/#\/schema\/person\/7eefcc412830a8352081b5c962b32917\"},\"potentialAction\":[{\"@type\":\"SearchAction\",\"target\":{\"@type\":\"EntryPoint\",\"urlTemplate\":\"https:\/\/kapweine.ch\/?s={search_term_string}\"},\"query-input\":\"required name=search_term_string\"}],\"inLanguage\":\"en-US\"},{\"@type\":\"WebPage\",\"@id\":\"https:\/\/kapweine.ch\/premium-wein-reisen\/#webpage\",\"url\":\"https:\/\/kapweine.ch\/premium-wein-reisen\/\",\"name\":\"Premium Wein-Reisen - Kapweine\",\"isPartOf\":{\"@id\":\"https:\/\/kapweine.ch\/#website\"},\"datePublished\":\"2021-11-03T10:35:06+00:00\",\"dateModified\":\"2021-12-09T07:31:07+00:00\",\"breadcrumb\":{\"@id\":\"https:\/\/kapweine.ch\/premium-wein-reisen\/#breadcrumb\"},\"inLanguage\":\"en-US\",\"potentialAction\":[{\"@type\":\"ReadAction\",\"target\":[\"https:\/\/kapweine.ch\/premium-wein-reisen\/\"]}]},{\"@type\":\"BreadcrumbList\",\"@id\":\"https:\/\/kapweine.ch\/premium-wein-reisen\/#breadcrumb\",\"itemListElement\":[{\"@type\":\"ListItem\",\"position\":1,\"name\":\"Home\",\"item\":\"https:\/\/kapweine.ch\/\"},{\"@type\":\"ListItem\",\"position\":2,\"name\":\"Premium Wein-Reisen\"}]}]}<\/script>\n<!-- \/ Yoast SEO plugin. -->","yoast_head_json":{"title":"Premium Wein-Reisen - Kapweine","robots":{"index":"index","follow":"follow","max-snippet":"max-snippet:-1","max-image-preview":"max-image-preview:large","max-video-preview":"max-video-preview:-1"},"canonical":"https:\/\/kapweine.ch\/en\/premium-wein-reisen\/","twitter_misc":{"Est. reading time":"2 minutes"},"schema":{"@context":"https:\/\/schema.org","@graph":[{"@type":["Person","Organization"],"@id":"https:\/\/kapweine.ch\/#\/schema\/person\/7eefcc412830a8352081b5c962b32917","name":"kapweine","image":{"@type":"ImageObject","@id":"https:\/\/kapweine.ch\/#personlogo","inLanguage":"en-US","url":"https:\/\/secure.gravatar.com\/avatar\/cca08b19179943facd711814c8953849?s=96&d=blank&r=g","contentUrl":"https:\/\/secure.gravatar.com\/avatar\/cca08b19179943facd711814c8953849?s=96&d=blank&r=g","caption":"kapweine"},"logo":{"@id":"https:\/\/kapweine.ch\/#personlogo"},"sameAs":["https:\/\/kapweine.ch"]},{"@type":"WebSite","@id":"https:\/\/kapweine.ch\/#website","url":"https:\/\/kapweine.ch\/","name":"Kapweine","description":"The Home of South African Wines","publisher":{"@id":"https:\/\/kapweine.ch\/#\/schema\/person\/7eefcc412830a8352081b5c962b32917"},"potentialAction":[{"@type":"SearchAction","target":{"@type":"EntryPoint","urlTemplate":"https:\/\/kapweine.ch\/?s={search_term_string}"},"query-input":"required name=search_term_string"}],"inLanguage":"en-US"},{"@type":"WebPage","@id":"https:\/\/kapweine.ch\/premium-wein-reisen\/#webpage","url":"https:\/\/kapweine.ch\/premium-wein-reisen\/","name":"Premium Wein-Reisen - Kapweine","isPartOf":{"@id":"https:\/\/kapweine.ch\/#website"},"datePublished":"2021-11-03T10:35:06+00:00","dateModified":"2021-12-09T07:31:07+00:00","breadcrumb":{"@id":"https:\/\/kapweine.ch\/premium-wein-reisen\/#breadcrumb"},"inLanguage":"en-US","potentialAction":[{"@type":"ReadAction","target":["https:\/\/kapweine.ch\/premium-wein-reisen\/"]}]},{"@type":"BreadcrumbList","@id":"https:\/\/kapweine.ch\/premium-wein-reisen\/#breadcrumb","itemListElement":[{"@type":"ListItem","position":1,"name":"Home","item":"https:\/\/kapweine.ch\/"},{"@type":"ListItem","position":2,"name":"Premium Wein-Reisen"}]}]}},"_links":{"self":[{"href":"https:\/\/kapweine.ch\/en\/wp-json\/wp\/v2\/pages\/1569"}],"collection":[{"href":"https:\/\/kapweine.ch\/en\/wp-json\/wp\/v2\/pages"}],"about":[{"href":"https:\/\/kapweine.ch\/en\/wp-json\/wp\/v2\/types\/page"}],"author":[{"embeddable":true,"href":"https:\/\/kapweine.ch\/en\/wp-json\/wp\/v2\/users\/1"}],"replies":[{"embeddable":true,"href":"https:\/\/kapweine.ch\/en\/wp-json\/wp\/v2\/comments?post=1569"}],"version-history":[{"count":10,"href":"https:\/\/kapweine.ch\/en\/wp-json\/wp\/v2\/pages\/1569\/revisions"}],"predecessor-version":[{"id":9317,"href":"https:\/\/kapweine.ch\/en\/wp-json\/wp\/v2\/pages\/1569\/revisions\/9317"}],"wp:attachment":[{"href":"https:\/\/kapweine.ch\/en\/wp-json\/wp\/v2\/media?parent=1569"}],"curies":[{"name":"wp","href":"https:\/\/api.w.org\/{rel}","templated":true}]}}