{"id":2132,"date":"2021-11-04T15:36:20","date_gmt":"2021-11-04T12:36:20","guid":{"rendered":"https:\/\/kapweine.ch\/?page_id=2132"},"modified":"2022-01-28T12:22:28","modified_gmt":"2022-01-28T11:22:28","slug":"cape-blends","status":"publish","type":"page","link":"https:\/\/kapweine.ch\/en\/cape-blends\/","title":{"rendered":"Cape Blends"},"content":{"rendered":"\n\n\n\n[et_pb_section fb_built=&#8221;1&#8243; _builder_version=&#8221;4.10.7&#8243; _module_preset=&#8221;default&#8221;][et_pb_row _builder_version=&#8221;4.10.7&#8243; _module_preset=&#8221;default&#8221;][et_pb_column _builder_version=&#8221;4.10.7&#8243; _module_preset=&#8221;default&#8221; type=&#8221;4_4&#8243;][et_pb_text _builder_version=&#8221;4.10.7&#8243; _module_preset=&#8221;default&#8221; hover_enabled=&#8221;0&#8243; sticky_enabled=&#8221;0&#8243;]<h3><b class=\"A2\">Zusammensetzung<\/b><\/h3>[\/et_pb_text][et_pb_text _builder_version=&#8221;4.10.7&#8243; _module_preset=&#8221;default&#8221; hover_enabled=&#8221;0&#8243; sticky_enabled=&#8221;0&#8243;]<p>In S\u00fcdafrika herrscht die \u00dcberzeugung, dass<span>\u00a0<\/span><span style=\"color: #333333;\"><strong><a href=\"\/pinotage\/\" style=\"color: #333333;\">Pinotage<\/a><\/strong><\/span><span>\u00a0<\/span>die autochthone Traubensorte von S\u00fcdafrika, an einem Cape Blend (eine Assemblage\/Verschnitt, die spezifische vom Kap in S\u00fcdafrika ist) mit mindestens 30% beteiligt sein muss. Auf der anderen Seite des Lagers gibt es Stimmen, die aus Angst einer geschmacklichen Dominanz dieser Traube in einer Assemblage lieber einen Anteil von nur 20%<span>\u00a0<\/span><span style=\"color: #333333;\"><strong><a href=\"\/pinotage\/\" style=\"color: #333333;\">Pinotage<\/a>\u00a0<\/strong><\/span>sehen m\u00f6chten. Generell gibt es ein paar tolle Beispiele von diesen Cape-Blends.<\/p>\n<p>Wir denken, dass alles was nicht auf Bordeaux Blend Basis geschaffen wird (Cabernet-Merlot-Cab.Franc-Malbec-Petit Verdot) ein Cape Blend sein kann. Egal ob dies ein Cabernet-Shiraz ein Cabernet-Merlot mit Shiraz oder mit<span>\u00a0<\/span><span style=\"color: #333333;\"><strong><a href=\"\/pinotage\/\" style=\"color: #333333;\">Pinotage<\/a><\/strong><\/span><span>\u00a0<\/span>ist. All diese Assemblages m\u00fcssen nur gut sein und dann wird S\u00fcdafrika f\u00fcr seine Verschnitte\/Assemblages\/Blends generell bekannt werden, egal welche Zusammensetzung der Blend hat.<\/p>\n<p>Wir f\u00fchren seit sieben Jahren<span>\u00a0<\/span><span style=\"color: #333333;\"><strong><a href=\"\/rotweine\/\" style=\"color: #333333;\">Pinotage Weine<\/a><\/strong><\/span><span>\u00a0<\/span>in unserem Sortiment. Wir mussten leider feststellen, dass<span>\u00a0<\/span><span style=\"color: #333333;\"><strong><a href=\"\/pinotage\/\" style=\"color: #333333;\">Pinotage<\/a><\/strong><\/span>, gerade weil es eine eigene Traubensorte ist, nicht \u00fcberall auf offene Arme, oder besser Gaumen gestossen ist. Wegen dem gew\u00f6hnungsbed\u00fcrftigen Geschmacksfeld erfreut sich<span style=\"color: #333333;\"><strong>\u00a0<a href=\"\/pinotage\/\" style=\"color: #333333;\">Pinotage<\/a><\/strong><\/span><span>\u00a0<\/span>einer Fangemeinde, aber wird auch von einem Teil der Konsumenten vehement abgelehnt. Es wird wohl noch etwas Zeit brauchen, bis diese Traube mehr Freunde gewinnen wird. Auch die \u00fcbrigen s\u00fcdafrikanischen Weine arbeiten sich eher langsam in die Weltspitze vor und kommen nicht wie eine Flut der dann wieder Ebbe folgen wird. Sie kommen um sich eine feste Position zu verdienen. Aber schauen wir doch in 10 Jahren dann wieder zur\u00fcck um zu sehen welche Weine (Produzenten) und welche Sorten das Weinbild von S\u00fcdafrika in der Welt bis dann gepr\u00e4gt haben.<\/p>\n<p>Wir freuen uns auf jeden tollen Wein, sei dies nun ein Cape Blend oder ein Bordeaux Blend oder auch reinsortig. Nur Top m\u00fcssen die Weine sein. Daher sprechen wir unser Lob und Zustimmung am liebsten f\u00fcr Assemblages aus.<\/p>\n<p>Bitte schauen Sie sich dazu weiterunten den ausf\u00fchrlichen englischen Text an.<\/p>\n<p>Zur Zeit f\u00fchrt KapWeine keine Cape Blend im Sortiment.<\/p>[\/et_pb_text][\/et_pb_column][\/et_pb_row][et_pb_row _builder_version=&#8221;4.10.7&#8243; _module_preset=&#8221;default&#8221;][et_pb_column _builder_version=&#8221;4.10.7&#8243; _module_preset=&#8221;default&#8221; type=&#8221;4_4&#8243;][et_pb_text _builder_version=&#8221;4.10.7&#8243; _module_preset=&#8221;default&#8221; hover_enabled=&#8221;0&#8243; sticky_enabled=&#8221;0&#8243;]<h3><b class=\"A2\">Composition<\/b><\/h3>[\/et_pb_text][et_pb_text _builder_version=&#8221;4.10.7&#8243; _module_preset=&#8221;default&#8221; hover_enabled=&#8221;0&#8243; sticky_enabled=&#8221;0&#8243;]<p>As Pinotage is the only variety that is truly South African, it should also be clear now that in order for a Cape Blend to have intrinsic value as a uniquely South Africa product, it must be a Pinotage-based blend.<\/p>\n<p>Pinotage can be blended. This truth needs to be communicated to the industry. There are many successful &#8216;Cape Blends&#8217; containing Pinotage which receive regular accolades and praise. The number of Pinotage-based &#8216;Cape Blends has been increasing exponentially since the inaugural Diners Club &#8216;Winemaker of the year&#8217; competition in 1999. This controversial domestic competition sparked controversy and outrage in the industry by awarding the trophy to a Cabernet-Shiraz blend with no readily identifiable &#8216;Cape&#8217; characteristics.<\/p>\n<p>The only component that should be mandatory and should therefore be specified in guidelines on &#8216;Cape Blends&#8217; is the proportion of Pinotage in the final Blend. Pinotage should be given a maximum and minimum allowable proportion to firstly identify it as a Cape Blend (i.e. a minimum of 30%) and secondly to distinguish it from a straight Pinotage. (i.e. a maximum of 70%)<\/p>\n<p>An alternative and less prescriptive solution would be to simply stipulate that a &#8216;Cape Blend&#8217; should contain Pinotage. This broad-based approach, although simple, may not have enough of a focused effect on the industry and could lead to broad dilution of the term &#8216;Cape Blend.&#8217; A compromise may have to be reached as resistance could be anticipated to any kind of prescriptive practices within the industry.<\/p>\n<p>The 2002 Veritas (South Africa&#8217;s biggest wine competition) committee (SANW &#8211; South African National Wine Show) established the first &#8216;industry&#8217; definition of a Cape Blend and was implemented as a &#8216;stand-alone&#8217; category at the judging in 2002 for the first time. The Veritas Committee defined &#8216;Cape Blends&#8217; as Pinotage-based blends containing a minimum of 30% and a maximum of 70 % Pinotage. Although not widely publicized, the category was introduced, implemented and did not attract widespread criticism or discussion as might have been anticipated.<\/p>[\/et_pb_text][\/et_pb_column][\/et_pb_row][\/et_pb_section]\n\n\n\n","protected":false},"excerpt":{"rendered":"<p>ZusammensetzungIn S\u00fcdafrika herrscht die \u00dcberzeugung, dass\u00a0Pinotage\u00a0die autochthone Traubensorte von S\u00fcdafrika, an einem Cape Blend (eine Assemblage\/Verschnitt, die spezifische vom Kap in S\u00fcdafrika ist) mit mindestens 30% beteiligt sein muss. Auf der anderen Seite des Lagers gibt es Stimmen, die aus Angst einer geschmacklichen Dominanz dieser Traube in einer Assemblage lieber einen Anteil von nur 20%\u00a0Pinotage\u00a0sehen [&hellip;]<\/p>\n","protected":false},"author":1,"featured_media":0,"parent":0,"menu_order":0,"comment_status":"closed","ping_status":"closed","template":"","meta":{"_et_pb_use_builder":"on","_et_pb_old_content":"","_et_gb_content_width":"","_links_to":"","_links_to_target":""},"yoast_head":"<!-- This site is optimized with the Yoast SEO plugin v17.1 - https:\/\/yoast.com\/wordpress\/plugins\/seo\/ -->\n<title>Cape Blends - Kapweine<\/title>\n<meta name=\"robots\" content=\"index, follow, max-snippet:-1, max-image-preview:large, max-video-preview:-1\" \/>\n<link rel=\"canonical\" href=\"https:\/\/kapweine.ch\/en\/cape-blends\/\" \/>\n<meta name=\"twitter:label1\" content=\"Est. reading time\" \/>\n\t<meta name=\"twitter:data1\" content=\"3 minutes\" \/>\n<script type=\"application\/ld+json\" class=\"yoast-schema-graph\">{\"@context\":\"https:\/\/schema.org\",\"@graph\":[{\"@type\":[\"Person\",\"Organization\"],\"@id\":\"https:\/\/kapweine.ch\/#\/schema\/person\/7eefcc412830a8352081b5c962b32917\",\"name\":\"kapweine\",\"image\":{\"@type\":\"ImageObject\",\"@id\":\"https:\/\/kapweine.ch\/#personlogo\",\"inLanguage\":\"en-US\",\"url\":\"https:\/\/secure.gravatar.com\/avatar\/cca08b19179943facd711814c8953849?s=96&d=blank&r=g\",\"contentUrl\":\"https:\/\/secure.gravatar.com\/avatar\/cca08b19179943facd711814c8953849?s=96&d=blank&r=g\",\"caption\":\"kapweine\"},\"logo\":{\"@id\":\"https:\/\/kapweine.ch\/#personlogo\"},\"sameAs\":[\"https:\/\/kapweine.ch\"]},{\"@type\":\"WebSite\",\"@id\":\"https:\/\/kapweine.ch\/#website\",\"url\":\"https:\/\/kapweine.ch\/\",\"name\":\"Kapweine\",\"description\":\"The Home of South African Wines\",\"publisher\":{\"@id\":\"https:\/\/kapweine.ch\/#\/schema\/person\/7eefcc412830a8352081b5c962b32917\"},\"potentialAction\":[{\"@type\":\"SearchAction\",\"target\":{\"@type\":\"EntryPoint\",\"urlTemplate\":\"https:\/\/kapweine.ch\/?s={search_term_string}\"},\"query-input\":\"required name=search_term_string\"}],\"inLanguage\":\"en-US\"},{\"@type\":\"WebPage\",\"@id\":\"https:\/\/kapweine.ch\/cape-blends\/#webpage\",\"url\":\"https:\/\/kapweine.ch\/cape-blends\/\",\"name\":\"Cape Blends - Kapweine\",\"isPartOf\":{\"@id\":\"https:\/\/kapweine.ch\/#website\"},\"datePublished\":\"2021-11-04T12:36:20+00:00\",\"dateModified\":\"2022-01-28T11:22:28+00:00\",\"breadcrumb\":{\"@id\":\"https:\/\/kapweine.ch\/cape-blends\/#breadcrumb\"},\"inLanguage\":\"en-US\",\"potentialAction\":[{\"@type\":\"ReadAction\",\"target\":[\"https:\/\/kapweine.ch\/cape-blends\/\"]}]},{\"@type\":\"BreadcrumbList\",\"@id\":\"https:\/\/kapweine.ch\/cape-blends\/#breadcrumb\",\"itemListElement\":[{\"@type\":\"ListItem\",\"position\":1,\"name\":\"Home\",\"item\":\"https:\/\/kapweine.ch\/\"},{\"@type\":\"ListItem\",\"position\":2,\"name\":\"Cape Blends\"}]}]}<\/script>\n<!-- \/ Yoast SEO plugin. -->","yoast_head_json":{"title":"Cape Blends - Kapweine","robots":{"index":"index","follow":"follow","max-snippet":"max-snippet:-1","max-image-preview":"max-image-preview:large","max-video-preview":"max-video-preview:-1"},"canonical":"https:\/\/kapweine.ch\/en\/cape-blends\/","twitter_misc":{"Est. reading time":"3 minutes"},"schema":{"@context":"https:\/\/schema.org","@graph":[{"@type":["Person","Organization"],"@id":"https:\/\/kapweine.ch\/#\/schema\/person\/7eefcc412830a8352081b5c962b32917","name":"kapweine","image":{"@type":"ImageObject","@id":"https:\/\/kapweine.ch\/#personlogo","inLanguage":"en-US","url":"https:\/\/secure.gravatar.com\/avatar\/cca08b19179943facd711814c8953849?s=96&d=blank&r=g","contentUrl":"https:\/\/secure.gravatar.com\/avatar\/cca08b19179943facd711814c8953849?s=96&d=blank&r=g","caption":"kapweine"},"logo":{"@id":"https:\/\/kapweine.ch\/#personlogo"},"sameAs":["https:\/\/kapweine.ch"]},{"@type":"WebSite","@id":"https:\/\/kapweine.ch\/#website","url":"https:\/\/kapweine.ch\/","name":"Kapweine","description":"The Home of South African Wines","publisher":{"@id":"https:\/\/kapweine.ch\/#\/schema\/person\/7eefcc412830a8352081b5c962b32917"},"potentialAction":[{"@type":"SearchAction","target":{"@type":"EntryPoint","urlTemplate":"https:\/\/kapweine.ch\/?s={search_term_string}"},"query-input":"required name=search_term_string"}],"inLanguage":"en-US"},{"@type":"WebPage","@id":"https:\/\/kapweine.ch\/cape-blends\/#webpage","url":"https:\/\/kapweine.ch\/cape-blends\/","name":"Cape Blends - Kapweine","isPartOf":{"@id":"https:\/\/kapweine.ch\/#website"},"datePublished":"2021-11-04T12:36:20+00:00","dateModified":"2022-01-28T11:22:28+00:00","breadcrumb":{"@id":"https:\/\/kapweine.ch\/cape-blends\/#breadcrumb"},"inLanguage":"en-US","potentialAction":[{"@type":"ReadAction","target":["https:\/\/kapweine.ch\/cape-blends\/"]}]},{"@type":"BreadcrumbList","@id":"https:\/\/kapweine.ch\/cape-blends\/#breadcrumb","itemListElement":[{"@type":"ListItem","position":1,"name":"Home","item":"https:\/\/kapweine.ch\/"},{"@type":"ListItem","position":2,"name":"Cape Blends"}]}]}},"_links":{"self":[{"href":"https:\/\/kapweine.ch\/en\/wp-json\/wp\/v2\/pages\/2132"}],"collection":[{"href":"https:\/\/kapweine.ch\/en\/wp-json\/wp\/v2\/pages"}],"about":[{"href":"https:\/\/kapweine.ch\/en\/wp-json\/wp\/v2\/types\/page"}],"author":[{"embeddable":true,"href":"https:\/\/kapweine.ch\/en\/wp-json\/wp\/v2\/users\/1"}],"replies":[{"embeddable":true,"href":"https:\/\/kapweine.ch\/en\/wp-json\/wp\/v2\/comments?post=2132"}],"version-history":[{"count":4,"href":"https:\/\/kapweine.ch\/en\/wp-json\/wp\/v2\/pages\/2132\/revisions"}],"predecessor-version":[{"id":8395,"href":"https:\/\/kapweine.ch\/en\/wp-json\/wp\/v2\/pages\/2132\/revisions\/8395"}],"wp:attachment":[{"href":"https:\/\/kapweine.ch\/en\/wp-json\/wp\/v2\/media?parent=2132"}],"curies":[{"name":"wp","href":"https:\/\/api.w.org\/{rel}","templated":true}]}}