{"id":22324,"date":"2023-03-23T16:43:49","date_gmt":"2023-03-23T15:43:49","guid":{"rendered":"https:\/\/kapweine.ch\/?page_id=22324"},"modified":"2026-02-10T11:21:37","modified_gmt":"2026-02-10T09:21:37","slug":"jobs","status":"publish","type":"page","link":"https:\/\/kapweine.ch\/en\/jobs\/","title":{"rendered":"Jobs bei KapWeine"},"content":{"rendered":"<p>[et_pb_section fb_built=&#8221;1&#8243; _builder_version=&#8221;4.10.7&#8243; _module_preset=&#8221;default&#8221; custom_padding=&#8221;27px|||||&#8221; global_colors_info=&#8221;{}&#8221;][et_pb_row _builder_version=&#8221;4.10.7&#8243; _module_preset=&#8221;default&#8221; global_colors_info=&#8221;{}&#8221;][et_pb_column type=&#8221;4_4&#8243; _builder_version=&#8221;4.10.7&#8243; _module_preset=&#8221;default&#8221; global_colors_info=&#8221;{}&#8221;][et_pb_image src=&#8221;https:\/\/kapweine.ch\/wp-content\/uploads\/2023\/03\/Jobs.jpg&#8221; alt=&#8221;Jobs KapWeine&#8221; title_text=&#8221;Jobs KapWeine&#8221; _builder_version=&#8221;4.10.7&#8243; _module_preset=&#8221;default&#8221; global_colors_info=&#8221;{}&#8221;][\/et_pb_image][et_pb_text _builder_version=&#8221;4.10.7&#8243; _module_preset=&#8221;default&#8221; custom_margin=&#8221;19px|||||&#8221; global_colors_info=&#8221;{}&#8221;]<\/p>\n<h5 style=\"text-align: left;\"><strong>Unser Unternehmen steht f\u00fcr S\u00fcdafrika und ist seit mehr als 30 Jahren die Nummer 1 in der Schweiz, wenn es um s\u00fcdafrikanische Weine und das drumherum geht.<\/strong><\/h5>\n<p style=\"text-align: left;\"><span>Wir legen grossen Wert auf Eigenverantwortung und Selbstst\u00e4ndigkeit, weshalb wir unseren KapWeine-Mitarbeitern bei der Festlegung ihrer Aufgaben viel Freiraum lassen. Wir suchen Menschen, die sich sowohl pers\u00f6nlich als auch beruflich weiterentwickeln m\u00f6chten. Ein Flair f\u00fcr guten Wein und S\u00fcdafrika ist von Vorteil.<\/span><\/p>\n<p style=\"text-align: left;\"><span>F\u00fchlst du dich angesprochen, dann klick auf einen der Buttons. Denn wer weiss, vielleicht suchen wir gerade jemanden wie dich!<\/span><\/p>\n<p>[\/et_pb_text][et_pb_button button_url=&#8221;https:\/\/www.jobscout24.ch\/de\/job\/sachbearbeiter-verkauf-innendienst-mit-kaufm%c3%a4nnischer-ausbildung\/9001795?fs=true&#8221; url_new_window=&#8221;on&#8221; button_text=&#8221;Jobscout24.ch&#8221; button_alignment=&#8221;center&#8221; module_class=&#8221;custom-button-hover&#8221; _builder_version=&#8221;4.10.7&#8243; _module_preset=&#8221;default&#8221; custom_button=&#8221;on&#8221; button_bg_color=&#8221;#FFFFFF&#8221; button_border_width=&#8221;2px&#8221; button_border_radius=&#8221;0px&#8221; button_font=&#8221;Prompt||||||||&#8221; button_use_icon=&#8221;off&#8221; global_colors_info=&#8221;{}&#8221;][\/et_pb_button][\/et_pb_column][\/et_pb_row][et_pb_row _builder_version=&#8221;4.10.7&#8243; _module_preset=&#8221;default&#8221; custom_padding=&#8221;44px|||||&#8221; global_colors_info=&#8221;{}&#8221;][et_pb_column type=&#8221;4_4&#8243; _builder_version=&#8221;4.10.7&#8243; _module_preset=&#8221;default&#8221; global_colors_info=&#8221;{}&#8221;][et_pb_cta _builder_version=&#8221;4.10.7&#8243; _module_preset=&#8221;default&#8221; background_color=&#8221;#222222&#8243; custom_margin=&#8221;||47px|||&#8221; global_colors_info=&#8221;{}&#8221;]<\/p>\n<h3>The Home of South African Wines<\/h3>\n<p><em><strong>\u00ab F\u00fcr den Erfolg ist nicht ausschlaggebend, wo du beginnst, sondern wie hoch du hinauswillst.\u00bb<br \/><\/strong><\/em><em><strong>Nelson Mandela<\/strong><\/em><\/p>\n<p>[\/et_pb_cta][et_pb_text _builder_version=&#8221;4.10.7&#8243; _module_preset=&#8221;default&#8221; global_colors_info=&#8221;{}&#8221;]<\/p>\n<h4 style=\"text-align: center;\">Hast du Fragen?<\/h4>\n<p style=\"text-align: center;\">Wir sind f\u00fcr dich da!<\/p>\n<p style=\"text-align: center;\"><a href=\"mailto:Job@kapweine.ch\">Job@kapweine.ch<\/a> \/ +41 43 888 21 21<\/p>\n<p>[\/et_pb_text][\/et_pb_column][\/et_pb_row][\/et_pb_section]<\/p>\n","protected":false},"excerpt":{"rendered":"<p>Du bist ein grosser S\u00fcdafrika-Fan und liebst s\u00fcdafrikanische Weine, die Kultur sowie das Land? Dann bist du bei uns genau richtig!<\/p>\n","protected":false},"author":1,"featured_media":22328,"parent":0,"menu_order":0,"comment_status":"closed","ping_status":"closed","template":"","meta":{"_et_pb_use_builder":"on","_et_pb_old_content":"","_et_gb_content_width":"","_links_to":"","_links_to_target":""},"yoast_head":"<!-- This site is optimized with the Yoast SEO plugin v17.1 - https:\/\/yoast.com\/wordpress\/plugins\/seo\/ -->\n<title>Jobs bei KapWeine - Kapweine<\/title>\n<meta name=\"description\" content=\"Du bist ein grosser S\u00fcdafrika-Fan und liebst s\u00fcdafrikanische Weine, die Kultur sowie das Land? Dann bist du bei uns genau richtig!\" \/>\n<meta name=\"robots\" content=\"index, follow, max-snippet:-1, max-image-preview:large, max-video-preview:-1\" \/>\n<link rel=\"canonical\" href=\"https:\/\/kapweine.ch\/en\/jobs\/\" \/>\n<meta name=\"twitter:label1\" content=\"Est. reading time\" \/>\n\t<meta name=\"twitter:data1\" content=\"1 minute\" \/>\n<script type=\"application\/ld+json\" class=\"yoast-schema-graph\">{\"@context\":\"https:\/\/schema.org\",\"@graph\":[{\"@type\":[\"Person\",\"Organization\"],\"@id\":\"https:\/\/kapweine.ch\/#\/schema\/person\/7eefcc412830a8352081b5c962b32917\",\"name\":\"kapweine\",\"image\":{\"@type\":\"ImageObject\",\"@id\":\"https:\/\/kapweine.ch\/#personlogo\",\"inLanguage\":\"en-US\",\"url\":\"https:\/\/secure.gravatar.com\/avatar\/cca08b19179943facd711814c8953849?s=96&d=blank&r=g\",\"contentUrl\":\"https:\/\/secure.gravatar.com\/avatar\/cca08b19179943facd711814c8953849?s=96&d=blank&r=g\",\"caption\":\"kapweine\"},\"logo\":{\"@id\":\"https:\/\/kapweine.ch\/#personlogo\"},\"sameAs\":[\"https:\/\/kapweine.ch\"]},{\"@type\":\"WebSite\",\"@id\":\"https:\/\/kapweine.ch\/#website\",\"url\":\"https:\/\/kapweine.ch\/\",\"name\":\"Kapweine\",\"description\":\"The Home of South African Wines\",\"publisher\":{\"@id\":\"https:\/\/kapweine.ch\/#\/schema\/person\/7eefcc412830a8352081b5c962b32917\"},\"potentialAction\":[{\"@type\":\"SearchAction\",\"target\":{\"@type\":\"EntryPoint\",\"urlTemplate\":\"https:\/\/kapweine.ch\/?s={search_term_string}\"},\"query-input\":\"required name=search_term_string\"}],\"inLanguage\":\"en-US\"},{\"@type\":\"ImageObject\",\"@id\":\"https:\/\/kapweine.ch\/jobs\/#primaryimage\",\"inLanguage\":\"en-US\",\"url\":\"https:\/\/kapweine.ch\/wp-content\/uploads\/2023\/03\/Jobs.jpg\",\"contentUrl\":\"https:\/\/kapweine.ch\/wp-content\/uploads\/2023\/03\/Jobs.jpg\",\"width\":1020,\"height\":600,\"caption\":\"Jobs KapWeine S\\u00fcdafrika Weine Schweiz\"},{\"@type\":\"WebPage\",\"@id\":\"https:\/\/kapweine.ch\/jobs\/#webpage\",\"url\":\"https:\/\/kapweine.ch\/jobs\/\",\"name\":\"Jobs bei KapWeine - Kapweine\",\"isPartOf\":{\"@id\":\"https:\/\/kapweine.ch\/#website\"},\"primaryImageOfPage\":{\"@id\":\"https:\/\/kapweine.ch\/jobs\/#primaryimage\"},\"datePublished\":\"2023-03-23T15:43:49+00:00\",\"dateModified\":\"2026-02-10T09:21:37+00:00\",\"description\":\"Du bist ein grosser S\\u00fcdafrika-Fan und liebst s\\u00fcdafrikanische Weine, die Kultur sowie das Land? Dann bist du bei uns genau richtig!\",\"breadcrumb\":{\"@id\":\"https:\/\/kapweine.ch\/jobs\/#breadcrumb\"},\"inLanguage\":\"en-US\",\"potentialAction\":[{\"@type\":\"ReadAction\",\"target\":[\"https:\/\/kapweine.ch\/jobs\/\"]}]},{\"@type\":\"BreadcrumbList\",\"@id\":\"https:\/\/kapweine.ch\/jobs\/#breadcrumb\",\"itemListElement\":[{\"@type\":\"ListItem\",\"position\":1,\"name\":\"Home\",\"item\":\"https:\/\/kapweine.ch\/\"},{\"@type\":\"ListItem\",\"position\":2,\"name\":\"Jobs bei KapWeine\"}]}]}<\/script>\n<!-- \/ Yoast SEO plugin. -->","yoast_head_json":{"title":"Jobs bei KapWeine - Kapweine","description":"Du bist ein grosser S\u00fcdafrika-Fan und liebst s\u00fcdafrikanische Weine, die Kultur sowie das Land? Dann bist du bei uns genau richtig!","robots":{"index":"index","follow":"follow","max-snippet":"max-snippet:-1","max-image-preview":"max-image-preview:large","max-video-preview":"max-video-preview:-1"},"canonical":"https:\/\/kapweine.ch\/en\/jobs\/","twitter_misc":{"Est. reading time":"1 minute"},"schema":{"@context":"https:\/\/schema.org","@graph":[{"@type":["Person","Organization"],"@id":"https:\/\/kapweine.ch\/#\/schema\/person\/7eefcc412830a8352081b5c962b32917","name":"kapweine","image":{"@type":"ImageObject","@id":"https:\/\/kapweine.ch\/#personlogo","inLanguage":"en-US","url":"https:\/\/secure.gravatar.com\/avatar\/cca08b19179943facd711814c8953849?s=96&d=blank&r=g","contentUrl":"https:\/\/secure.gravatar.com\/avatar\/cca08b19179943facd711814c8953849?s=96&d=blank&r=g","caption":"kapweine"},"logo":{"@id":"https:\/\/kapweine.ch\/#personlogo"},"sameAs":["https:\/\/kapweine.ch"]},{"@type":"WebSite","@id":"https:\/\/kapweine.ch\/#website","url":"https:\/\/kapweine.ch\/","name":"Kapweine","description":"The Home of South African Wines","publisher":{"@id":"https:\/\/kapweine.ch\/#\/schema\/person\/7eefcc412830a8352081b5c962b32917"},"potentialAction":[{"@type":"SearchAction","target":{"@type":"EntryPoint","urlTemplate":"https:\/\/kapweine.ch\/?s={search_term_string}"},"query-input":"required name=search_term_string"}],"inLanguage":"en-US"},{"@type":"ImageObject","@id":"https:\/\/kapweine.ch\/jobs\/#primaryimage","inLanguage":"en-US","url":"https:\/\/kapweine.ch\/wp-content\/uploads\/2023\/03\/Jobs.jpg","contentUrl":"https:\/\/kapweine.ch\/wp-content\/uploads\/2023\/03\/Jobs.jpg","width":1020,"height":600,"caption":"Jobs KapWeine S\u00fcdafrika Weine Schweiz"},{"@type":"WebPage","@id":"https:\/\/kapweine.ch\/jobs\/#webpage","url":"https:\/\/kapweine.ch\/jobs\/","name":"Jobs bei KapWeine - Kapweine","isPartOf":{"@id":"https:\/\/kapweine.ch\/#website"},"primaryImageOfPage":{"@id":"https:\/\/kapweine.ch\/jobs\/#primaryimage"},"datePublished":"2023-03-23T15:43:49+00:00","dateModified":"2026-02-10T09:21:37+00:00","description":"Du bist ein grosser S\u00fcdafrika-Fan und liebst s\u00fcdafrikanische Weine, die Kultur sowie das Land? Dann bist du bei uns genau richtig!","breadcrumb":{"@id":"https:\/\/kapweine.ch\/jobs\/#breadcrumb"},"inLanguage":"en-US","potentialAction":[{"@type":"ReadAction","target":["https:\/\/kapweine.ch\/jobs\/"]}]},{"@type":"BreadcrumbList","@id":"https:\/\/kapweine.ch\/jobs\/#breadcrumb","itemListElement":[{"@type":"ListItem","position":1,"name":"Home","item":"https:\/\/kapweine.ch\/"},{"@type":"ListItem","position":2,"name":"Jobs bei KapWeine"}]}]}},"_links":{"self":[{"href":"https:\/\/kapweine.ch\/en\/wp-json\/wp\/v2\/pages\/22324"}],"collection":[{"href":"https:\/\/kapweine.ch\/en\/wp-json\/wp\/v2\/pages"}],"about":[{"href":"https:\/\/kapweine.ch\/en\/wp-json\/wp\/v2\/types\/page"}],"author":[{"embeddable":true,"href":"https:\/\/kapweine.ch\/en\/wp-json\/wp\/v2\/users\/1"}],"replies":[{"embeddable":true,"href":"https:\/\/kapweine.ch\/en\/wp-json\/wp\/v2\/comments?post=22324"}],"version-history":[{"count":12,"href":"https:\/\/kapweine.ch\/en\/wp-json\/wp\/v2\/pages\/22324\/revisions"}],"predecessor-version":[{"id":43234,"href":"https:\/\/kapweine.ch\/en\/wp-json\/wp\/v2\/pages\/22324\/revisions\/43234"}],"wp:featuredmedia":[{"embeddable":true,"href":"https:\/\/kapweine.ch\/en\/wp-json\/wp\/v2\/media\/22328"}],"wp:attachment":[{"href":"https:\/\/kapweine.ch\/en\/wp-json\/wp\/v2\/media?parent=22324"}],"curies":[{"name":"wp","href":"https:\/\/api.w.org\/{rel}","templated":true}]}}