{"id":3039,"date":"2021-11-11T11:29:33","date_gmt":"2021-11-11T08:29:33","guid":{"rendered":"https:\/\/kapweine.ch\/?page_id=3039"},"modified":"2021-12-09T11:44:36","modified_gmt":"2021-12-09T08:44:36","slug":"weingebiete","status":"publish","type":"page","link":"https:\/\/kapweine.ch\/en\/weingebiete\/","title":{"rendered":"\u00dcbersicht Weingebiete"},"content":{"rendered":"\n[et_pb_section fb_built=&#8221;1&#8243; _builder_version=&#8221;4.10.7&#8243; _module_preset=&#8221;default&#8221; custom_margin=&#8221;0px|0px|0px|0px|true|true&#8221; custom_padding=&#8221;0px|0px|0px|0px|true|true&#8221; global_colors_info=&#8221;{}&#8221;][et_pb_row _builder_version=&#8221;4.10.7&#8243; _module_preset=&#8221;default&#8221; hover_enabled=&#8221;0&#8243; global_colors_info=&#8221;{}&#8221; sticky_enabled=&#8221;0&#8243;][et_pb_column type=&#8221;4_4&#8243; _builder_version=&#8221;4.10.7&#8243; _module_preset=&#8221;default&#8221; global_colors_info=&#8221;{}&#8221;][et_pb_text _builder_version=&#8221;4.10.7&#8243; _module_preset=&#8221;default&#8221; text_text_color=&#8221;#7a6b13&#8243; global_colors_info=&#8221;{}&#8221;]<table border=\"1\" style=\"border-collapse: collapse; width: 100%; height: 144px;\">\n<tbody>\n<tr style=\"height: 24px;\">\n<td style=\"width: 25%; height: 24px;\"><span style=\"color: #000000;\"><a href=\"https:\/\/kapweine.ch\/cape-agulhas\/\" style=\"color: #000000;\"><strong>Cape Agulhas<\/strong><\/a><\/span><\/td>\n<td class=\"artikel1\" width=\"155\" style=\"width: 24.9718%; height: 24px;\"><strong><span style=\"color: #000000;\"><a href=\"https:\/\/kapweine.ch\/cape-point\/\" style=\"color: #000000;\">Cape Point<\/a><\/span><\/strong><\/td>\n<td style=\"width: 25%; height: 24px;\"><strong><span style=\"color: #000000;\"><a href=\"https:\/\/kapweine.ch\/cederberg\/\" style=\"color: #000000;\">Cederberg<\/a><\/span><\/strong><\/td>\n<td style=\"width: 25%; height: 24px;\"><strong><span style=\"color: #000000;\"><a href=\"https:\/\/kapweine.ch\/constantia\/\" style=\"color: #000000;\">Constantia<\/a><\/span><\/strong><\/td>\n<\/tr>\n<tr style=\"height: 24px;\">\n<td style=\"width: 25%; height: 24px;\"><strong><span style=\"color: #000000;\"><a href=\"https:\/\/kapweine.ch\/darling\/\" style=\"color: #000000;\">Darling<\/a><\/span><\/strong><\/td>\n<td style=\"width: 24.9718%; height: 24px;\"><strong><span style=\"color: #000000;\"><a href=\"https:\/\/kapweine.ch\/durbanville\/\" style=\"color: #000000;\">Durbanville<\/a><\/span><\/strong><\/td>\n<td class=\"artikel1\" style=\"width: 25%; height: 24px;\"><strong><span style=\"color: #000000;\"><a href=\"https:\/\/kapweine.ch\/elgin\/\" style=\"color: #000000;\">Elgin<\/a><\/span><\/strong><\/td>\n<td style=\"width: 25%; height: 24px;\"><strong><span style=\"color: #000000;\"><a href=\"https:\/\/kapweine.ch\/praal-wellington-franschhoek\/\" style=\"color: #000000;\">Franschhoek<\/a><\/span><\/strong><\/td>\n<\/tr>\n<tr style=\"height: 24px;\">\n<td style=\"width: 25%; height: 24px;\"><strong><span style=\"color: #000000;\"><a href=\"https:\/\/kapweine.ch\/klein-karoo\/\" style=\"color: #000000;\">Klein Karoo<\/a><\/span><\/strong><\/td>\n<td class=\"artikel1\" style=\"width: 24.9718%; height: 24px;\"><strong><span style=\"color: #000000;\"><a href=\"https:\/\/kapweine.ch\/olifants-river\/\" style=\"color: #000000;\">Olifants River<\/a><\/span><\/strong><\/td>\n<td style=\"width: 25%; height: 24px;\"><strong><span style=\"color: #000000;\"><a href=\"https:\/\/kapweine.ch\/overberg\/\" style=\"color: #000000;\">Overberg<\/a><\/span><\/strong><\/td>\n<td style=\"width: 25%; height: 24px;\"><strong><span style=\"color: #000000;\"><a href=\"https:\/\/kapweine.ch\/praal-wellington-franschhoek\/\" style=\"color: #000000;\">Paarl<\/a><\/span><\/strong><\/td>\n<\/tr>\n<tr style=\"height: 24px;\">\n<td style=\"width: 25%; height: 24px;\"><strong><span style=\"color: #000000;\"><a href=\"https:\/\/kapweine.ch\/piekenierskloof-weingebiet\/\" style=\"color: #000000;\">Piekenierskloof<\/a><\/span><\/strong><\/td>\n<td style=\"width: 24.9718%; height: 24px;\"><strong><span style=\"color: #000000;\"><a href=\"https:\/\/kapweine.ch\/prieska\/\" style=\"color: #000000;\">Prieska<\/a><\/span><\/strong><\/td>\n<td style=\"width: 25%; height: 24px;\"><strong><span style=\"color: #000000;\"><a href=\"https:\/\/kapweine.ch\/robertson\/\" style=\"color: #000000;\">Robertson<\/a><\/span><\/strong><\/td>\n<td style=\"width: 25%; height: 24px;\"><strong><span style=\"color: #000000;\"><a href=\"https:\/\/kapweine.ch\/stellenbosch\/\" style=\"color: #000000;\">Stellenbosch<\/a><\/span><\/strong><\/td>\n<\/tr>\n<tr style=\"height: 24px;\">\n<td style=\"width: 25%; height: 24px;\"><strong><span style=\"color: #000000;\"><a href=\"https:\/\/kapweine.ch\/swartland\/\" style=\"color: #000000;\">Swartland<\/a><\/span><\/strong><\/td>\n<td style=\"width: 24.9718%; height: 24px;\"><strong><span style=\"color: #000000;\"><a href=\"https:\/\/kapweine.ch\/tulbagh\/\" style=\"color: #000000;\">Tulbagh<\/a><\/span><\/strong><\/td>\n<td style=\"width: 25%; height: 24px;\"><strong><span style=\"color: #000000;\"><a href=\"https:\/\/kapweine.ch\/walker-bay\/\" style=\"color: #000000;\">Walker Bay<\/a><\/span><\/strong><\/td>\n<td class=\"artikel1\" style=\"width: 25%; height: 24px;\"><strong><span style=\"color: #000000;\"><a href=\"https:\/\/kapweine.ch\/praal-wellington-franschhoek\/\" style=\"color: #000000;\">Wellington<\/a><\/span><\/strong><\/td>\n<\/tr>\n<tr style=\"height: 24px;\">\n<td style=\"width: 25%; height: 24px;\"><strong><span style=\"color: #000000;\"><a href=\"https:\/\/kapweine.ch\/worcester\/\" style=\"color: #000000;\">Worcester<\/a><\/span><\/strong><\/td>\n<td style=\"width: 24.9718%; height: 24px;\"><\/td>\n<td style=\"width: 25%; height: 24px;\"><\/td>\n<td style=\"width: 25%; height: 24px;\"><\/td>\n<\/tr>\n<\/tbody>\n<\/table>[\/et_pb_text][\/et_pb_column][\/et_pb_row][et_pb_row column_structure=&#8221;2_3,1_3&#8243; _builder_version=&#8221;4.10.7&#8243; _module_preset=&#8221;default&#8221; hover_enabled=&#8221;0&#8243; global_colors_info=&#8221;{}&#8221; sticky_enabled=&#8221;0&#8243;][et_pb_column type=&#8221;2_3&#8243; _builder_version=&#8221;4.10.7&#8243; _module_preset=&#8221;default&#8221; global_colors_info=&#8221;{}&#8221;][et_pb_text _builder_version=&#8221;4.10.7&#8243; _module_preset=&#8221;default&#8221; text_text_color=&#8221;#7a6b13&#8243; global_colors_info=&#8221;{}&#8221;]<p><strong><a href=\"https:\/\/shop.kapweine.ch\/produzenten\">Unsere Produzenten &gt;&gt;<\/a><\/strong><\/p>[\/et_pb_text][et_pb_text _builder_version=&#8221;4.10.7&#8243; _module_preset=&#8221;default&#8221; global_colors_info=&#8221;{}&#8221;]<p><span style=\"color: #000000;\">Hier finden Sie Karten und Informationen zu den Weingebieten in S\u00fcdafrika.<\/span><\/p>[\/et_pb_text][et_pb_text _builder_version=&#8221;4.10.7&#8243; _module_preset=&#8221;default&#8221; global_colors_info=&#8221;{}&#8221;]<p><span style=\"color: #7a6b13;\"><span style=\"color: #000000;\">Die Weinanbaugebiete sind aufgeteilt nach<\/span>\u00a0<strong><span style=\"color: #7a6b13;\"><a style=\"color: #7a6b13;\" href=\"\/wp-content\/uploads\/2021\/11\/production_area_region.jpg\">Regionen<\/a><\/span><\/strong><span style=\"color: #000000;\">,\u00a0<\/span><strong><span style=\"color: #7a6b13;\"><a style=\"color: #7a6b13;\" href=\"\/wp-content\/uploads\/2021\/11\/production_area_district.jpg\">Districts<\/a><\/span><\/strong>\u00a0<span style=\"color: #000000;\">und<\/span>\u00a0<strong><span style=\"color: #7a6b13;\"><a style=\"color: #7a6b13;\" href=\"\/wp-content\/uploads\/2021\/11\/production_area_ward.jpg\">Wards<\/a><\/span><\/strong><span style=\"color: #000000;\">.<\/span><\/span><\/p>[\/et_pb_text][et_pb_text _builder_version=&#8221;4.10.7&#8243; _module_preset=&#8221;default&#8221; global_colors_info=&#8221;{}&#8221;]<p><span style=\"color: #000000;\">Um weitere Details \u00fcber die einzelnen Weing\u00fcter, respektive Beschreibung \u00fcber das Weingebiet zu erhalten, klicken Sie auf das Gebiet in der Karte unten&#8230;<\/span><\/p>[\/et_pb_text][et_pb_text _builder_version=&#8221;4.10.7&#8243; _module_preset=&#8221;default&#8221; global_colors_info=&#8221;{}&#8221;]<p><span><span style=\"color: #000000;\">Informationen zu Terroir, Geologie, Regionen, Biodiversity, B\u00f6den, Klima etc. finden Sie auf der offiziellen Webpage von<\/span> <strong><a href=\"https:\/\/www.wosa.co.za\/home\/\"><span style=\"color: #7a6b13;\">Wines of South Africa<\/span><\/a><\/strong><\/span><span><span style=\"text-decoration: underline;\">\u00a0<\/span><span style=\"color: #000000;\">(in Englisch)<\/span><\/span><\/p>[\/et_pb_text][et_pb_text _builder_version=&#8221;4.10.7&#8243; _module_preset=&#8221;default&#8221; global_colors_info=&#8221;{}&#8221;]<p><span style=\"color: #000000;\">Hier einige Links zu Weinregionen, \u00fcber die wir nicht ausf\u00fchrlich berichten:<\/span><\/p>\n<ul>\n<li><strong><span style=\"color: #000000;\"><a href=\"http:\/\/www.route62.co.za\/\" target=\"_blank\" rel=\"noopener\" style=\"color: #7a6b13;\">Weinroute 62<\/a><\/span><\/strong><\/li>\n<li><strong><span style=\"color: #000000;\"><a href=\"http:\/\/www.kleinkaroowines.co.za\/\" target=\"_blank\" rel=\"noopener\" style=\"color: #7a6b13;\">Weinroute Klein Karoo<\/a><\/span><\/strong><\/li>\n<li><strong><span style=\"color: #000000;\"><a href=\"http:\/\/www.breedekloof.com\/\" target=\"_blank\" rel=\"noopener\" style=\"color: #7a6b13;\">Weinroute Breedekloof<\/a><\/span><\/strong><\/li>\n<li><strong><span style=\"color: #000000;\"><a href=\"http:\/\/www.tulbaghwineroute.com\/\" target=\"_blank\" rel=\"noopener\" style=\"color: #7a6b13;\">Weinroute Tulgbag<\/a><\/span><\/strong><\/li>\n<\/ul>[\/et_pb_text][\/et_pb_column][et_pb_column type=&#8221;1_3&#8243; _builder_version=&#8221;4.10.7&#8243; _module_preset=&#8221;default&#8221; global_colors_info=&#8221;{}&#8221;][et_pb_image src=&#8221;https:\/\/kapweine.ch\/wp-content\/uploads\/2021\/11\/map.jpg&#8221; title_text=&#8221;map&#8221; _builder_version=&#8221;4.10.7&#8243; _module_preset=&#8221;default&#8221; global_colors_info=&#8221;{}&#8221;][\/et_pb_image][et_pb_image src=&#8221;https:\/\/kapweine.ch\/wp-content\/uploads\/2021\/11\/wine_map.jpg&#8221; title_text=&#8221;wine_map&#8221; url=&#8221;\/wp-content\/uploads\/2021\/11\/wine_map.pdf&#8221; force_fullwidth=&#8221;on&#8221; _builder_version=&#8221;4.10.7&#8243; _module_preset=&#8221;default&#8221; global_colors_info=&#8221;{}&#8221;][\/et_pb_image][\/et_pb_column][\/et_pb_row][et_pb_row _builder_version=&#8221;4.10.7&#8243; _module_preset=&#8221;default&#8221; hover_enabled=&#8221;0&#8243; global_colors_info=&#8221;{}&#8221; sticky_enabled=&#8221;0&#8243;][et_pb_column type=&#8221;4_4&#8243; _builder_version=&#8221;4.10.7&#8243; _module_preset=&#8221;default&#8221; global_colors_info=&#8221;{}&#8221;][et_pb_image src=&#8221;https:\/\/kapweine.ch\/wp-content\/uploads\/2021\/11\/pic_weingebiete.jpg&#8221; title_text=&#8221;pic_weingebiete&#8221; force_fullwidth=&#8221;on&#8221; _builder_version=&#8221;4.10.7&#8243; _module_preset=&#8221;default&#8221; global_colors_info=&#8221;{}&#8221;][\/et_pb_image][\/et_pb_column][\/et_pb_row][\/et_pb_section]\n","protected":false},"excerpt":{"rendered":"<p>Cape Agulhas Cape Point Cederberg Constantia Darling Durbanville Elgin Franschhoek Klein Karoo Olifants River Overberg Paarl Piekenierskloof Prieska Robertson Stellenbosch Swartland Tulbagh Walker Bay Wellington Worcester Unsere Produzenten &gt;&gt;Hier finden Sie Karten und Informationen zu den Weingebieten in S\u00fcdafrika.Die Weinanbaugebiete sind aufgeteilt nach\u00a0Regionen,\u00a0Districts\u00a0und\u00a0Wards.Um weitere Details \u00fcber die einzelnen Weing\u00fcter, respektive Beschreibung \u00fcber das Weingebiet zu [&hellip;]<\/p>\n","protected":false},"author":1,"featured_media":0,"parent":0,"menu_order":0,"comment_status":"closed","ping_status":"closed","template":"","meta":{"_et_pb_use_builder":"on","_et_pb_old_content":"","_et_gb_content_width":"","_links_to":"","_links_to_target":""},"yoast_head":"<!-- This site is optimized with the Yoast SEO plugin v17.1 - https:\/\/yoast.com\/wordpress\/plugins\/seo\/ -->\n<title>\u00dcbersicht Weingebiete - Kapweine<\/title>\n<meta name=\"robots\" content=\"index, follow, max-snippet:-1, max-image-preview:large, max-video-preview:-1\" \/>\n<link rel=\"canonical\" href=\"https:\/\/kapweine.ch\/en\/weingebiete\/\" \/>\n<meta name=\"twitter:label1\" content=\"Est. reading time\" \/>\n\t<meta name=\"twitter:data1\" content=\"1 minute\" \/>\n<script type=\"application\/ld+json\" class=\"yoast-schema-graph\">{\"@context\":\"https:\/\/schema.org\",\"@graph\":[{\"@type\":[\"Person\",\"Organization\"],\"@id\":\"https:\/\/kapweine.ch\/#\/schema\/person\/7eefcc412830a8352081b5c962b32917\",\"name\":\"kapweine\",\"image\":{\"@type\":\"ImageObject\",\"@id\":\"https:\/\/kapweine.ch\/#personlogo\",\"inLanguage\":\"en-US\",\"url\":\"https:\/\/secure.gravatar.com\/avatar\/cca08b19179943facd711814c8953849?s=96&d=blank&r=g\",\"contentUrl\":\"https:\/\/secure.gravatar.com\/avatar\/cca08b19179943facd711814c8953849?s=96&d=blank&r=g\",\"caption\":\"kapweine\"},\"logo\":{\"@id\":\"https:\/\/kapweine.ch\/#personlogo\"},\"sameAs\":[\"https:\/\/kapweine.ch\"]},{\"@type\":\"WebSite\",\"@id\":\"https:\/\/kapweine.ch\/#website\",\"url\":\"https:\/\/kapweine.ch\/\",\"name\":\"Kapweine\",\"description\":\"The Home of South African Wines\",\"publisher\":{\"@id\":\"https:\/\/kapweine.ch\/#\/schema\/person\/7eefcc412830a8352081b5c962b32917\"},\"potentialAction\":[{\"@type\":\"SearchAction\",\"target\":{\"@type\":\"EntryPoint\",\"urlTemplate\":\"https:\/\/kapweine.ch\/?s={search_term_string}\"},\"query-input\":\"required name=search_term_string\"}],\"inLanguage\":\"en-US\"},{\"@type\":\"WebPage\",\"@id\":\"https:\/\/kapweine.ch\/weingebiete\/#webpage\",\"url\":\"https:\/\/kapweine.ch\/weingebiete\/\",\"name\":\"\\u00dcbersicht Weingebiete - Kapweine\",\"isPartOf\":{\"@id\":\"https:\/\/kapweine.ch\/#website\"},\"datePublished\":\"2021-11-11T08:29:33+00:00\",\"dateModified\":\"2021-12-09T08:44:36+00:00\",\"breadcrumb\":{\"@id\":\"https:\/\/kapweine.ch\/weingebiete\/#breadcrumb\"},\"inLanguage\":\"en-US\",\"potentialAction\":[{\"@type\":\"ReadAction\",\"target\":[\"https:\/\/kapweine.ch\/weingebiete\/\"]}]},{\"@type\":\"BreadcrumbList\",\"@id\":\"https:\/\/kapweine.ch\/weingebiete\/#breadcrumb\",\"itemListElement\":[{\"@type\":\"ListItem\",\"position\":1,\"name\":\"Home\",\"item\":\"https:\/\/kapweine.ch\/\"},{\"@type\":\"ListItem\",\"position\":2,\"name\":\"\\u00dcbersicht Weingebiete\"}]}]}<\/script>\n<!-- \/ Yoast SEO plugin. -->","yoast_head_json":{"title":"\u00dcbersicht Weingebiete - Kapweine","robots":{"index":"index","follow":"follow","max-snippet":"max-snippet:-1","max-image-preview":"max-image-preview:large","max-video-preview":"max-video-preview:-1"},"canonical":"https:\/\/kapweine.ch\/en\/weingebiete\/","twitter_misc":{"Est. reading time":"1 minute"},"schema":{"@context":"https:\/\/schema.org","@graph":[{"@type":["Person","Organization"],"@id":"https:\/\/kapweine.ch\/#\/schema\/person\/7eefcc412830a8352081b5c962b32917","name":"kapweine","image":{"@type":"ImageObject","@id":"https:\/\/kapweine.ch\/#personlogo","inLanguage":"en-US","url":"https:\/\/secure.gravatar.com\/avatar\/cca08b19179943facd711814c8953849?s=96&d=blank&r=g","contentUrl":"https:\/\/secure.gravatar.com\/avatar\/cca08b19179943facd711814c8953849?s=96&d=blank&r=g","caption":"kapweine"},"logo":{"@id":"https:\/\/kapweine.ch\/#personlogo"},"sameAs":["https:\/\/kapweine.ch"]},{"@type":"WebSite","@id":"https:\/\/kapweine.ch\/#website","url":"https:\/\/kapweine.ch\/","name":"Kapweine","description":"The Home of South African Wines","publisher":{"@id":"https:\/\/kapweine.ch\/#\/schema\/person\/7eefcc412830a8352081b5c962b32917"},"potentialAction":[{"@type":"SearchAction","target":{"@type":"EntryPoint","urlTemplate":"https:\/\/kapweine.ch\/?s={search_term_string}"},"query-input":"required name=search_term_string"}],"inLanguage":"en-US"},{"@type":"WebPage","@id":"https:\/\/kapweine.ch\/weingebiete\/#webpage","url":"https:\/\/kapweine.ch\/weingebiete\/","name":"\u00dcbersicht Weingebiete - Kapweine","isPartOf":{"@id":"https:\/\/kapweine.ch\/#website"},"datePublished":"2021-11-11T08:29:33+00:00","dateModified":"2021-12-09T08:44:36+00:00","breadcrumb":{"@id":"https:\/\/kapweine.ch\/weingebiete\/#breadcrumb"},"inLanguage":"en-US","potentialAction":[{"@type":"ReadAction","target":["https:\/\/kapweine.ch\/weingebiete\/"]}]},{"@type":"BreadcrumbList","@id":"https:\/\/kapweine.ch\/weingebiete\/#breadcrumb","itemListElement":[{"@type":"ListItem","position":1,"name":"Home","item":"https:\/\/kapweine.ch\/"},{"@type":"ListItem","position":2,"name":"\u00dcbersicht Weingebiete"}]}]}},"_links":{"self":[{"href":"https:\/\/kapweine.ch\/en\/wp-json\/wp\/v2\/pages\/3039"}],"collection":[{"href":"https:\/\/kapweine.ch\/en\/wp-json\/wp\/v2\/pages"}],"about":[{"href":"https:\/\/kapweine.ch\/en\/wp-json\/wp\/v2\/types\/page"}],"author":[{"embeddable":true,"href":"https:\/\/kapweine.ch\/en\/wp-json\/wp\/v2\/users\/1"}],"replies":[{"embeddable":true,"href":"https:\/\/kapweine.ch\/en\/wp-json\/wp\/v2\/comments?post=3039"}],"version-history":[{"count":10,"href":"https:\/\/kapweine.ch\/en\/wp-json\/wp\/v2\/pages\/3039\/revisions"}],"predecessor-version":[{"id":8459,"href":"https:\/\/kapweine.ch\/en\/wp-json\/wp\/v2\/pages\/3039\/revisions\/8459"}],"wp:attachment":[{"href":"https:\/\/kapweine.ch\/en\/wp-json\/wp\/v2\/media?parent=3039"}],"curies":[{"name":"wp","href":"https:\/\/api.w.org\/{rel}","templated":true}]}}