{"id":3332,"date":"2021-11-16T13:42:37","date_gmt":"2021-11-16T10:42:37","guid":{"rendered":"https:\/\/kapweine.ch\/?page_id=3332"},"modified":"2021-12-01T03:53:54","modified_gmt":"2021-12-01T00:53:54","slug":"site-archive","status":"publish","type":"page","link":"https:\/\/kapweine.ch\/en\/site-archive\/","title":{"rendered":"Site archive"},"content":{"rendered":"<p>[et_pb_section fb_built=&#8221;1&#8243; _builder_version=&#8221;4.10.7&#8243; _module_preset=&#8221;default&#8221; global_colors_info=&#8221;{}&#8221;][et_pb_row _builder_version=&#8221;4.10.7&#8243; _module_preset=&#8221;default&#8221; width=&#8221;100%&#8221; custom_padding=&#8221;50px||50px||true|false&#8221; global_colors_info=&#8221;{}&#8221;][et_pb_column type=&#8221;4_4&#8243; _builder_version=&#8221;4.10.7&#8243; _module_preset=&#8221;default&#8221; global_colors_info=&#8221;{}&#8221;][et_pb_text _builder_version=&#8221;4.10.7&#8243; _module_preset=&#8221;default&#8221; link_option_url=&#8221;https:\/\/kapweine.ch\/category\/wineries\/&#8221; link_option_url_new_window=&#8221;on&#8221; hover_enabled=&#8221;0&#8243; global_colors_info=&#8221;{}&#8221; sticky_enabled=&#8221;0&#8243;]<\/p>\n<p><a href=\"https:\/\/kapweine.ch\/uebersicht-weingueter\/\"><strong><span style=\"color: #000000;\">\u00dcbersicht Weing\u00fcter<\/span><\/strong><\/a><\/p>\n<p>[\/et_pb_text][et_pb_text _builder_version=&#8221;4.10.7&#8243; _module_preset=&#8221;default&#8221; link_option_url=&#8221;https:\/\/kapweine.ch\/category\/wineries\/&#8221; link_option_url_new_window=&#8221;on&#8221; global_colors_info=&#8221;{}&#8221;]<\/p>\n<p><span style=\"color: #000000;\"><a href=\"https:\/\/kapweine.ch\/winemakers-collection\/\" style=\"color: #000000;\">Winemakers Collection<\/a><\/span><\/p>\n<p>[\/et_pb_text][et_pb_text _builder_version=&#8221;4.10.7&#8243; _module_preset=&#8221;default&#8221; link_option_url=&#8221;https:\/\/kapweine.ch\/category\/weingebiete\/&#8221; link_option_url_new_window=&#8221;on&#8221; global_colors_info=&#8221;{}&#8221;]<\/p>\n<p><a href=\"https:\/\/kapweine.ch\/weingebiete\/\"><strong><span style=\"color: #000000;\">Weingebiete<\/span><\/strong><\/a><\/p>\n<p>[\/et_pb_text][et_pb_text _builder_version=&#8221;4.10.7&#8243; _module_preset=&#8221;default&#8221; link_option_url=&#8221;https:\/\/kapweine.ch\/category\/weingebiete\/&#8221; link_option_url_new_window=&#8221;on&#8221; global_colors_info=&#8221;{}&#8221;]<\/p>\n<p><strong><span style=\"color: #000000;\"><a href=\"https:\/\/kapweine.ch\/suedafrika-info\/\" style=\"color: #000000;\">S\u00fcdafrika-Info<\/a><\/span><\/strong><\/p>\n<ul>\n<li><span style=\"color: #000000;\"><a class=\"in-cell-link\" target=\"_blank\" href=\"https:\/\/kapweine.ch\/pinotage\/\" rel=\"noopener\">Pinotag<\/a>e<\/span><\/li>\n<li><a href=\"https:\/\/kapweine.ch\/insider-tipps\/\"><span style=\"color: #000000;\">Insider-Tipps<\/span><\/a><\/li>\n<li><a href=\"https:\/\/kapweine.ch\/golfen-in-suedafrika\/\"><span style=\"color: #000000;\">Golfen in S\u00fcdafrika<\/span><\/a><\/li>\n<\/ul>\n<p>[\/et_pb_text][et_pb_text _builder_version=&#8221;4.10.7&#8243; _module_preset=&#8221;default&#8221; global_colors_info=&#8221;{}&#8221;]<\/p>\n<p><span style=\"color: #000000;\"><strong>Gastro\/Rezapte<\/strong><\/span><span style=\"color: #000000;\"><strong><\/strong><\/span><\/p>\n<ul>\n<li><span style=\"color: #000000;\"><a href=\"https:\/\/kapweine.ch\/informationen-fuer-die-gastronomie\/\" style=\"color: #000000;\">Gastronomie<\/a><\/span><\/li>\n<li><a href=\"https:\/\/kapweine.ch\/rezepte-aus-der-suedafrikanischen-kueche\/\"><span style=\"color: #000000;\">Rezepte SA-K\u00fcche<\/span><\/a><span style=\"color: #000000;\"><\/span><\/li>\n<li><span style=\"color: #000000;\"><a href=\"https:\/\/shop.kapweine.ch\/food\/fleisch\" class=\"ancor3\" style=\"color: #000000;\">Fleisch<\/a><\/span><\/li>\n<li><a href=\"https:\/\/kapweine.ch\/mama-africa\/\"><span style=\"color: #000000;\">S\u00fcdafrika-Restaurants<\/span><\/a><\/li>\n<\/ul>\n<p>[\/et_pb_text][et_pb_text _builder_version=&#8221;4.10.7&#8243; _module_preset=&#8221;default&#8221; global_colors_info=&#8221;{}&#8221;]<\/p>\n<p><strong><span style=\"color: #000000;\">Links<\/span><\/strong><\/p>\n<ul>\n<li><span style=\"color: #000000;\"><a href=\"https:\/\/kapweine.ch\/uebersicht-links\/\" style=\"color: #000000;\"><b class=\"A1\">KapWeine<\/b><\/a><\/span><\/li>\n<li><span style=\"color: #000000;\"><a href=\"https:\/\/kapweine.ch\/wein-essen\/\" style=\"color: #000000;\"><b class=\"A1\">Wein &amp; Essen<\/b><\/a><\/span><\/li>\n<li><span style=\"color: #000000;\"><a href=\"https:\/\/kapweine.ch\/tourismus\/?et_fb=1&amp;PageSpeed=off\" style=\"color: #000000;\"><b class=\"A1\">Tourismus<\/b><\/a><\/span><\/li>\n<li><span style=\"color: #000000;\"><a href=\"https:\/\/kapweine.ch\/handel-kommerz\/\" style=\"color: #000000;\"><b class=\"A1\">Handel &amp; Kommerz<\/b><\/a><\/span><\/li>\n<li><span style=\"color: #000000;\"><a href=\"https:\/\/kapweine.ch\/wohltaetigkeit-soziales\/\" style=\"color: #000000;\"><b class=\"A1\">Wohlt\u00e4tigkeit &amp; Soziales<\/b><\/a><\/span><\/li>\n<li><span style=\"color: #000000;\"><a href=\"https:\/\/kapweine.ch\/lifestyle-kultur\/\" style=\"color: #000000;\"><b class=\"A1\">Lifestyle &amp; Kultur<\/b><\/a><\/span><\/li>\n<\/ul>\n<p>[\/et_pb_text][et_pb_text _builder_version=&#8221;4.10.7&#8243; _module_preset=&#8221;default&#8221; global_colors_info=&#8221;{}&#8221;]<\/p>\n<p><a href=\"https:\/\/kapweine.ch\/lifestyle-club-suedafrika\/\"><strong><span style=\"color: #000000;\">Lifestyle Club<\/span><\/strong><\/a><\/p>\n<p>[\/et_pb_text][\/et_pb_column][\/et_pb_row][\/et_pb_section]<\/p>\n","protected":false},"excerpt":{"rendered":"<p>\u00dcbersicht Weing\u00fcterWinemakers CollectionWeingebieteS\u00fcdafrika-Info Pinotage Insider-Tipps Golfen in S\u00fcdafrika Gastro\/Rezapte Gastronomie Rezepte SA-K\u00fcche Fleisch S\u00fcdafrika-Restaurants Links KapWeine Wein &amp; Essen Tourismus Handel &amp; Kommerz Wohlt\u00e4tigkeit &amp; Soziales Lifestyle &amp; Kultur Lifestyle Club<\/p>\n","protected":false},"author":1,"featured_media":0,"parent":0,"menu_order":0,"comment_status":"closed","ping_status":"closed","template":"","meta":{"_et_pb_use_builder":"on","_et_pb_old_content":"","_et_gb_content_width":"","_links_to":"","_links_to_target":""},"yoast_head":"<!-- This site is optimized with the Yoast SEO plugin v17.1 - https:\/\/yoast.com\/wordpress\/plugins\/seo\/ -->\n<title>Site archive - Kapweine<\/title>\n<meta name=\"robots\" content=\"index, follow, max-snippet:-1, max-image-preview:large, max-video-preview:-1\" \/>\n<link rel=\"canonical\" href=\"https:\/\/kapweine.ch\/en\/site-archive\/\" \/>\n<script type=\"application\/ld+json\" class=\"yoast-schema-graph\">{\"@context\":\"https:\/\/schema.org\",\"@graph\":[{\"@type\":[\"Person\",\"Organization\"],\"@id\":\"https:\/\/kapweine.ch\/#\/schema\/person\/7eefcc412830a8352081b5c962b32917\",\"name\":\"kapweine\",\"image\":{\"@type\":\"ImageObject\",\"@id\":\"https:\/\/kapweine.ch\/#personlogo\",\"inLanguage\":\"en-US\",\"url\":\"https:\/\/secure.gravatar.com\/avatar\/cca08b19179943facd711814c8953849?s=96&d=blank&r=g\",\"contentUrl\":\"https:\/\/secure.gravatar.com\/avatar\/cca08b19179943facd711814c8953849?s=96&d=blank&r=g\",\"caption\":\"kapweine\"},\"logo\":{\"@id\":\"https:\/\/kapweine.ch\/#personlogo\"},\"sameAs\":[\"https:\/\/kapweine.ch\"]},{\"@type\":\"WebSite\",\"@id\":\"https:\/\/kapweine.ch\/#website\",\"url\":\"https:\/\/kapweine.ch\/\",\"name\":\"Kapweine\",\"description\":\"The Home of South African Wines\",\"publisher\":{\"@id\":\"https:\/\/kapweine.ch\/#\/schema\/person\/7eefcc412830a8352081b5c962b32917\"},\"potentialAction\":[{\"@type\":\"SearchAction\",\"target\":{\"@type\":\"EntryPoint\",\"urlTemplate\":\"https:\/\/kapweine.ch\/?s={search_term_string}\"},\"query-input\":\"required name=search_term_string\"}],\"inLanguage\":\"en-US\"},{\"@type\":\"WebPage\",\"@id\":\"https:\/\/kapweine.ch\/site-archive\/#webpage\",\"url\":\"https:\/\/kapweine.ch\/site-archive\/\",\"name\":\"Site archive - Kapweine\",\"isPartOf\":{\"@id\":\"https:\/\/kapweine.ch\/#website\"},\"datePublished\":\"2021-11-16T10:42:37+00:00\",\"dateModified\":\"2021-12-01T00:53:54+00:00\",\"breadcrumb\":{\"@id\":\"https:\/\/kapweine.ch\/site-archive\/#breadcrumb\"},\"inLanguage\":\"en-US\",\"potentialAction\":[{\"@type\":\"ReadAction\",\"target\":[\"https:\/\/kapweine.ch\/site-archive\/\"]}]},{\"@type\":\"BreadcrumbList\",\"@id\":\"https:\/\/kapweine.ch\/site-archive\/#breadcrumb\",\"itemListElement\":[{\"@type\":\"ListItem\",\"position\":1,\"name\":\"Home\",\"item\":\"https:\/\/kapweine.ch\/\"},{\"@type\":\"ListItem\",\"position\":2,\"name\":\"Site archive\"}]}]}<\/script>\n<!-- \/ Yoast SEO plugin. -->","yoast_head_json":{"title":"Site archive - Kapweine","robots":{"index":"index","follow":"follow","max-snippet":"max-snippet:-1","max-image-preview":"max-image-preview:large","max-video-preview":"max-video-preview:-1"},"canonical":"https:\/\/kapweine.ch\/en\/site-archive\/","schema":{"@context":"https:\/\/schema.org","@graph":[{"@type":["Person","Organization"],"@id":"https:\/\/kapweine.ch\/#\/schema\/person\/7eefcc412830a8352081b5c962b32917","name":"kapweine","image":{"@type":"ImageObject","@id":"https:\/\/kapweine.ch\/#personlogo","inLanguage":"en-US","url":"https:\/\/secure.gravatar.com\/avatar\/cca08b19179943facd711814c8953849?s=96&d=blank&r=g","contentUrl":"https:\/\/secure.gravatar.com\/avatar\/cca08b19179943facd711814c8953849?s=96&d=blank&r=g","caption":"kapweine"},"logo":{"@id":"https:\/\/kapweine.ch\/#personlogo"},"sameAs":["https:\/\/kapweine.ch"]},{"@type":"WebSite","@id":"https:\/\/kapweine.ch\/#website","url":"https:\/\/kapweine.ch\/","name":"Kapweine","description":"The Home of South African Wines","publisher":{"@id":"https:\/\/kapweine.ch\/#\/schema\/person\/7eefcc412830a8352081b5c962b32917"},"potentialAction":[{"@type":"SearchAction","target":{"@type":"EntryPoint","urlTemplate":"https:\/\/kapweine.ch\/?s={search_term_string}"},"query-input":"required name=search_term_string"}],"inLanguage":"en-US"},{"@type":"WebPage","@id":"https:\/\/kapweine.ch\/site-archive\/#webpage","url":"https:\/\/kapweine.ch\/site-archive\/","name":"Site archive - Kapweine","isPartOf":{"@id":"https:\/\/kapweine.ch\/#website"},"datePublished":"2021-11-16T10:42:37+00:00","dateModified":"2021-12-01T00:53:54+00:00","breadcrumb":{"@id":"https:\/\/kapweine.ch\/site-archive\/#breadcrumb"},"inLanguage":"en-US","potentialAction":[{"@type":"ReadAction","target":["https:\/\/kapweine.ch\/site-archive\/"]}]},{"@type":"BreadcrumbList","@id":"https:\/\/kapweine.ch\/site-archive\/#breadcrumb","itemListElement":[{"@type":"ListItem","position":1,"name":"Home","item":"https:\/\/kapweine.ch\/"},{"@type":"ListItem","position":2,"name":"Site archive"}]}]}},"_links":{"self":[{"href":"https:\/\/kapweine.ch\/en\/wp-json\/wp\/v2\/pages\/3332"}],"collection":[{"href":"https:\/\/kapweine.ch\/en\/wp-json\/wp\/v2\/pages"}],"about":[{"href":"https:\/\/kapweine.ch\/en\/wp-json\/wp\/v2\/types\/page"}],"author":[{"embeddable":true,"href":"https:\/\/kapweine.ch\/en\/wp-json\/wp\/v2\/users\/1"}],"replies":[{"embeddable":true,"href":"https:\/\/kapweine.ch\/en\/wp-json\/wp\/v2\/comments?post=3332"}],"version-history":[{"count":12,"href":"https:\/\/kapweine.ch\/en\/wp-json\/wp\/v2\/pages\/3332\/revisions"}],"predecessor-version":[{"id":7308,"href":"https:\/\/kapweine.ch\/en\/wp-json\/wp\/v2\/pages\/3332\/revisions\/7308"}],"wp:attachment":[{"href":"https:\/\/kapweine.ch\/en\/wp-json\/wp\/v2\/media?parent=3332"}],"curies":[{"name":"wp","href":"https:\/\/api.w.org\/{rel}","templated":true}]}}